{"id":1210,"date":"2017-10-15T22:06:26","date_gmt":"2017-10-16T04:06:26","guid":{"rendered":"http:\/\/mayavista.com\/dev\/restaurante\/"},"modified":"2017-10-15T22:10:59","modified_gmt":"2017-10-16T04:10:59","slug":"restaurante","status":"publish","type":"page","link":"https:\/\/mayavista.com\/es\/restaurante\/","title":{"rendered":"Restaurante"},"content":{"rendered":"<p>[et_pb_section bb_built=\u00bb1&#8243; admin_label=\u00bbsection\u00bb][et_pb_row admin_label=\u00bbrow\u00bb background_position=\u00bbtop_left\u00bb background_repeat=\u00bbrepeat\u00bb background_size=\u00bbinitial\u00bb][et_pb_column type=\u00bb4_4&#8243;][et_pb_gallery _builder_version=\u00bb3.0.76&#8243; show_title_and_caption=\u00bboff\u00bb show_pagination=\u00bbon\u00bb gallery_ids=\u00bb903,915,897,891,900,906,909,888,912,918,921,924&#8243; fullwidth=\u00bboff\u00bb orientation=\u00bblandscape\u00bb zoom_icon_color=\u00bb#2ea3f2&#8243; hover_overlay_color=\u00bbrgba(255,255,255,0.9)\u00bb background_layout=\u00bblight\u00bb pagination_font_size_tablet=\u00bb51&#8243; pagination_line_height_tablet=\u00bb2&#8243; border_style=\u00bbsolid\u00bb gallery_orderby=\u00bbrand\u00bb \/][et_pb_text _builder_version=\u00bb3.0.76&#8243; background_layout=\u00bblight\u00bb border_style=\u00bbsolid\u00bb module_alignment=\u00bbleft\u00bb]<\/p>\n<h2>Restaurante y Bar<\/h2>\n<p><img loading=\"lazy\" decoding=\"async\" class=\"alignright wp-image-968\" src=\"http:\/\/mayavista.com\/dev\/wp-content\/uploads\/2016\/12\/restaurant.jpg\" alt=\"\" width=\"480\" height=\"320\" srcset=\"https:\/\/mayavista.com\/wp-content\/uploads\/2016\/12\/restaurant.jpg 720w, https:\/\/mayavista.com\/wp-content\/uploads\/2016\/12\/restaurant-300x200.jpg 300w\" sizes=\"(max-width: 480px) 100vw, 480px\" \/><\/p>\n<p>Nuestra terraza\u00a0<strong>Restaurante<\/strong> y <strong>Bar<\/strong> cuenta con una fant\u00e1stica vista al mar de\u00a0la\u00a0pintoresca\u00a0<strong>Bah\u00eda de Tela<\/strong> en su placentera y relajada atm\u00f3sfera tropical<strong>.<\/strong><\/p>\n<p>Aqu\u00ed le ofrecemos una gran variedad de deliciosos platos con un toque canadiense y hondure\u00f1o, siendo los mariscos y las pastas nuestra especialidades.<\/p>\n<p>En nuestro bar encontrar\u00e1 una gran variedad de bebidas refrescantes y podremos prepararles ricos y ex\u00f3ticos\u00a0<strong>c\u00f3cteles\u00a0tropicales.<br \/>\n<\/strong><br \/>\nEl Restaurante Maya Vista puede atender\u00a0grupos hasta 40 personas\u00a0con la posibilidad de organizar eventos especiales como tener <b>m\u00fasica<\/b>\u00a0en vivo o noches tem\u00e1ticas especiales de acuerdo a solicitud.<\/p>\n<p>Nuestra cocina queda\u00a0abierta diariamente desde las <strong>7:00 a.m.<\/strong> hasta<strong> 9:00 p.m.\u00a0<\/strong>\u00a0El servicio de bar funciona hasta mas tarde sobretodo los fines de semana y feriados.\u00a0 Ofrecemos <strong>desayunos<\/strong> a partir de <strong><\/strong> y <strong>almuerzos<\/strong> o <strong>cenas<\/strong> desde <strong><\/strong>. Aceptamos moneda nacional, D\u00f3lares Estadounidenses y la mayor\u00eda de las tarjetas de cr\u00e9dito.<\/p>\n<p>A los interesados en una estad\u00eda en Maya Vista, ofrecemos paquetes que incluyen alojamiento y alimentaci\u00f3n,\u00a0cont\u00e1ctenos\u00a0para tener m\u00e1s informaci\u00f3n.<\/p>\n<p>El Restaurante Maya Vista se ha convertido en uno de los lugares de Tela m\u00e1s apreciados para disfrutar de una buena comida o una refrescantes bebida &#8230;sobretodo para aquellos que regresan de un d\u00eda de playa o de explorar las maravillas de la Bah\u00eda de Tela.<\/p>\n<p>[\/et_pb_text][\/et_pb_column][\/et_pb_row][\/et_pb_section]<\/p>\n","protected":false},"excerpt":{"rendered":"<p>Restaurante y Bar Nuestra terraza\u00a0Restaurante y Bar cuenta con una fant\u00e1stica vista al mar de\u00a0la\u00a0pintoresca\u00a0Bah\u00eda de Tela en su placentera y relajada atm\u00f3sfera tropical. Aqu\u00ed le ofrecemos una gran variedad de deliciosos platos con un toque canadiense y hondure\u00f1o, siendo los mariscos y las pastas nuestra especialidades. En nuestro bar encontrar\u00e1 una gran variedad de bebidas refrescantes y podremos prepararles ricos y ex\u00f3ticos\u00a0c\u00f3cteles\u00a0tropicales. El Restaurante Maya Vista puede atender\u00a0grupos hasta 40 personas\u00a0con la posibilidad de organizar eventos especiales como tener m\u00fasica\u00a0en vivo o noches tem\u00e1ticas especiales de acuerdo a solicitud. Nuestra cocina queda\u00a0abierta diariamente desde las 7:00 a.m. hasta 9:00 p.m.\u00a0\u00a0El servicio de bar funciona hasta mas tarde sobretodo los fines de semana y feriados.\u00a0 Ofrecemos desayunos a partir de y almuerzos o cenas desde . Aceptamos moneda nacional, D\u00f3lares Estadounidenses y la mayor\u00eda de las tarjetas de cr\u00e9dito. A los interesados en una estad\u00eda en Maya Vista, ofrecemos paquetes que incluyen alojamiento y alimentaci\u00f3n,\u00a0cont\u00e1ctenos\u00a0para tener m\u00e1s informaci\u00f3n. El Restaurante Maya Vista se ha convertido en uno de los lugares de Tela m\u00e1s apreciados para disfrutar de una buena comida o una refrescantes bebida &#8230;sobretodo para aquellos que regresan de un d\u00eda de playa o de explorar las maravillas de [&hellip;]<\/p>\n","protected":false},"author":3,"featured_media":0,"parent":0,"menu_order":0,"comment_status":"closed","ping_status":"closed","template":"","meta":{"_et_pb_use_builder":"on","_et_pb_old_content":"<p>ur Restaurant has an <strong>ocean view<\/strong> which over looks pictureques <strong>Tela Bay <\/strong>and a pleasant <strong>relaxed atmosphere. <\/strong><\/p><p>While at sunset, sunrise and at night our rooftop lookout tower offers a complete 360 degree view of the surrounding area and is a special place to relax with a cool drink to watch the tropical colors of the Caribbean change with the sun or to observe the many stars that light the sky at night.<\/p><p>We offer a variety of <strong>delicious dishes <\/strong>with a Canadian and Honduran flair with seafood and pasta being a specialty<strong>.<\/strong> \u00a0Also, we have bar service with a range of <strong>fresh cool drinks <\/strong>and <strong>tropical cocktails.<\/strong><\/p><p>The Maya Vista Restaurant is available for <strong>groups from up to 40 people.<\/strong> We can also organize <strong>live local music <\/strong>and <strong>special theme nights <\/strong>on request.<\/p><p>Our Restaurant is <strong>open daily<\/strong> from <strong>7:00 a.m. to 9:00 p.m.<\/strong> for meals while bar service remains open later on weekends and public holidays.<\/p><p><span class=\"style54\">We offer <strong>breakfast <\/strong>from <strong class=\"style53\">$4<\/strong> and <strong>lunch<\/strong> <strong>or dinner<\/strong> from <span class=\"style27 style52 \"><span class=\"style52\"><strong>$8<\/strong><\/span><\/span><strong>.<\/strong><\/span> \u00a0Also we have accommodation and meal<strong> packages <\/strong><a href=\"http:\/\/www.mayavista.com\/htmls\/english\/contactus.html\" target=\"window\"><strong>contact us<\/strong><\/a> for <strong>more information<\/strong>. \u00a0Major<strong> credit cards<\/strong> and <strong>traveler's checks <\/strong>are <strong>accepted<\/strong>.<\/p><p>This makes the <strong>Maya Vista Restaurant<\/strong> one of the <strong>best places in Tela<\/strong> to enjoy a satisfying meal and some cool drinks after a day of exploring the <strong>wonders of Tela and the surrounding area.<\/strong><\/p>","_et_gb_content_width":"","footnotes":""},"class_list":["post-1210","page","type-page","status-publish","hentry"],"yoast_head":"<!-- This site is optimized with the Yoast SEO plugin v27.2 - https:\/\/yoast.com\/product\/yoast-seo-wordpress\/ -->\n<title>Restaurante &#8226; Hotel Maya Vista<\/title>\n<meta name=\"robots\" content=\"index, follow, max-snippet:-1, max-image-preview:large, max-video-preview:-1\" \/>\n<link rel=\"canonical\" href=\"https:\/\/mayavista.com\/es\/restaurante\/\" \/>\n<meta property=\"og:locale\" content=\"es_ES\" \/>\n<meta property=\"og:type\" content=\"article\" \/>\n<meta property=\"og:title\" content=\"Restaurante &#8226; Hotel Maya Vista\" \/>\n<meta property=\"og:description\" content=\"Restaurante y Bar Nuestra terraza\u00a0Restaurante y Bar cuenta con una fant\u00e1stica vista al mar de\u00a0la\u00a0pintoresca\u00a0Bah\u00eda de Tela en su placentera y relajada atm\u00f3sfera tropical. Aqu\u00ed le ofrecemos una gran variedad de deliciosos platos con un toque canadiense y hondure\u00f1o, siendo los mariscos y las pastas nuestra especialidades. En nuestro bar encontrar\u00e1 una gran variedad de bebidas refrescantes y podremos prepararles ricos y ex\u00f3ticos\u00a0c\u00f3cteles\u00a0tropicales. El Restaurante Maya Vista puede atender\u00a0grupos hasta 40 personas\u00a0con la posibilidad de organizar eventos especiales como tener m\u00fasica\u00a0en vivo o noches tem\u00e1ticas especiales de acuerdo a solicitud. Nuestra cocina queda\u00a0abierta diariamente desde las 7:00 a.m. hasta 9:00 p.m.\u00a0\u00a0El servicio de bar funciona hasta mas tarde sobretodo los fines de semana y feriados.\u00a0 Ofrecemos desayunos a partir de y almuerzos o cenas desde . Aceptamos moneda nacional, D\u00f3lares Estadounidenses y la mayor\u00eda de las tarjetas de cr\u00e9dito. A los interesados en una estad\u00eda en Maya Vista, ofrecemos paquetes que incluyen alojamiento y alimentaci\u00f3n,\u00a0cont\u00e1ctenos\u00a0para tener m\u00e1s informaci\u00f3n. El Restaurante Maya Vista se ha convertido en uno de los lugares de Tela m\u00e1s apreciados para disfrutar de una buena comida o una refrescantes bebida ...sobretodo para aquellos que regresan de un d\u00eda de playa o de explorar las maravillas de [&hellip;]\" \/>\n<meta property=\"og:url\" content=\"https:\/\/mayavista.com\/es\/restaurante\/\" \/>\n<meta property=\"og:site_name\" content=\"Hotel Maya Vista\" \/>\n<meta property=\"article:publisher\" content=\"https:\/\/www.facebook.com\/Maya-Vista-Hotel-Tela-Honduras-284974334864531\" \/>\n<meta property=\"article:modified_time\" content=\"2017-10-16T04:10:59+00:00\" \/>\n<meta property=\"og:image\" content=\"http:\/\/mayavista.com\/dev\/wp-content\/uploads\/2016\/12\/restaurant.jpg\" \/>\n<meta name=\"twitter:card\" content=\"summary_large_image\" \/>\n<meta name=\"twitter:label1\" content=\"Tiempo de lectura\" \/>\n\t<meta name=\"twitter:data1\" content=\"2 minutos\" \/>\n<script type=\"application\/ld+json\" class=\"yoast-schema-graph\">{\"@context\":\"https:\/\/schema.org\",\"@graph\":[{\"@type\":\"WebPage\",\"@id\":\"https:\/\/mayavista.com\/es\/restaurante\/\",\"url\":\"https:\/\/mayavista.com\/es\/restaurante\/\",\"name\":\"Restaurante &#8226; Hotel Maya Vista\",\"isPartOf\":{\"@id\":\"https:\/\/mayavista.com\/es\/#website\"},\"primaryImageOfPage\":{\"@id\":\"https:\/\/mayavista.com\/es\/restaurante\/#primaryimage\"},\"image\":{\"@id\":\"https:\/\/mayavista.com\/es\/restaurante\/#primaryimage\"},\"thumbnailUrl\":\"http:\/\/mayavista.com\/dev\/wp-content\/uploads\/2016\/12\/restaurant.jpg\",\"datePublished\":\"2017-10-16T04:06:26+00:00\",\"dateModified\":\"2017-10-16T04:10:59+00:00\",\"breadcrumb\":{\"@id\":\"https:\/\/mayavista.com\/es\/restaurante\/#breadcrumb\"},\"inLanguage\":\"es\",\"potentialAction\":[{\"@type\":\"ReadAction\",\"target\":[\"https:\/\/mayavista.com\/es\/restaurante\/\"]}]},{\"@type\":\"ImageObject\",\"inLanguage\":\"es\",\"@id\":\"https:\/\/mayavista.com\/es\/restaurante\/#primaryimage\",\"url\":\"http:\/\/mayavista.com\/dev\/wp-content\/uploads\/2016\/12\/restaurant.jpg\",\"contentUrl\":\"http:\/\/mayavista.com\/dev\/wp-content\/uploads\/2016\/12\/restaurant.jpg\"},{\"@type\":\"BreadcrumbList\",\"@id\":\"https:\/\/mayavista.com\/es\/restaurante\/#breadcrumb\",\"itemListElement\":[{\"@type\":\"ListItem\",\"position\":1,\"name\":\"Home\",\"item\":\"https:\/\/mayavista.com\/es\/\"},{\"@type\":\"ListItem\",\"position\":2,\"name\":\"Restaurante\"}]},{\"@type\":\"WebSite\",\"@id\":\"https:\/\/mayavista.com\/es\/#website\",\"url\":\"https:\/\/mayavista.com\/es\/\",\"name\":\"Hotel Maya Vista\",\"description\":\"Hotel and Restaurant in Tela, Honduras\",\"publisher\":{\"@id\":\"https:\/\/mayavista.com\/es\/#organization\"},\"potentialAction\":[{\"@type\":\"SearchAction\",\"target\":{\"@type\":\"EntryPoint\",\"urlTemplate\":\"https:\/\/mayavista.com\/es\/?s={search_term_string}\"},\"query-input\":{\"@type\":\"PropertyValueSpecification\",\"valueRequired\":true,\"valueName\":\"search_term_string\"}}],\"inLanguage\":\"es\"},{\"@type\":\"Organization\",\"@id\":\"https:\/\/mayavista.com\/es\/#organization\",\"name\":\"Hotel Maya Vista\",\"url\":\"https:\/\/mayavista.com\/es\/\",\"logo\":{\"@type\":\"ImageObject\",\"inLanguage\":\"es\",\"@id\":\"https:\/\/mayavista.com\/es\/#\/schema\/logo\/image\/\",\"url\":\"https:\/\/mayavista.com\/wp-content\/uploads\/2016\/11\/logo-mayavista.png\",\"contentUrl\":\"https:\/\/mayavista.com\/wp-content\/uploads\/2016\/11\/logo-mayavista.png\",\"width\":340,\"height\":80,\"caption\":\"Hotel Maya Vista\"},\"image\":{\"@id\":\"https:\/\/mayavista.com\/es\/#\/schema\/logo\/image\/\"},\"sameAs\":[\"https:\/\/www.facebook.com\/Maya-Vista-Hotel-Tela-Honduras-284974334864531\"]}]}<\/script>\n<!-- \/ Yoast SEO plugin. -->","yoast_head_json":{"title":"Restaurante &#8226; Hotel Maya Vista","robots":{"index":"index","follow":"follow","max-snippet":"max-snippet:-1","max-image-preview":"max-image-preview:large","max-video-preview":"max-video-preview:-1"},"canonical":"https:\/\/mayavista.com\/es\/restaurante\/","og_locale":"es_ES","og_type":"article","og_title":"Restaurante &#8226; Hotel Maya Vista","og_description":"Restaurante y Bar Nuestra terraza\u00a0Restaurante y Bar cuenta con una fant\u00e1stica vista al mar de\u00a0la\u00a0pintoresca\u00a0Bah\u00eda de Tela en su placentera y relajada atm\u00f3sfera tropical. Aqu\u00ed le ofrecemos una gran variedad de deliciosos platos con un toque canadiense y hondure\u00f1o, siendo los mariscos y las pastas nuestra especialidades. En nuestro bar encontrar\u00e1 una gran variedad de bebidas refrescantes y podremos prepararles ricos y ex\u00f3ticos\u00a0c\u00f3cteles\u00a0tropicales. El Restaurante Maya Vista puede atender\u00a0grupos hasta 40 personas\u00a0con la posibilidad de organizar eventos especiales como tener m\u00fasica\u00a0en vivo o noches tem\u00e1ticas especiales de acuerdo a solicitud. Nuestra cocina queda\u00a0abierta diariamente desde las 7:00 a.m. hasta 9:00 p.m.\u00a0\u00a0El servicio de bar funciona hasta mas tarde sobretodo los fines de semana y feriados.\u00a0 Ofrecemos desayunos a partir de y almuerzos o cenas desde . Aceptamos moneda nacional, D\u00f3lares Estadounidenses y la mayor\u00eda de las tarjetas de cr\u00e9dito. A los interesados en una estad\u00eda en Maya Vista, ofrecemos paquetes que incluyen alojamiento y alimentaci\u00f3n,\u00a0cont\u00e1ctenos\u00a0para tener m\u00e1s informaci\u00f3n. El Restaurante Maya Vista se ha convertido en uno de los lugares de Tela m\u00e1s apreciados para disfrutar de una buena comida o una refrescantes bebida ...sobretodo para aquellos que regresan de un d\u00eda de playa o de explorar las maravillas de [&hellip;]","og_url":"https:\/\/mayavista.com\/es\/restaurante\/","og_site_name":"Hotel Maya Vista","article_publisher":"https:\/\/www.facebook.com\/Maya-Vista-Hotel-Tela-Honduras-284974334864531","article_modified_time":"2017-10-16T04:10:59+00:00","og_image":[{"url":"http:\/\/mayavista.com\/dev\/wp-content\/uploads\/2016\/12\/restaurant.jpg","type":"","width":"","height":""}],"twitter_card":"summary_large_image","twitter_misc":{"Tiempo de lectura":"2 minutos"},"schema":{"@context":"https:\/\/schema.org","@graph":[{"@type":"WebPage","@id":"https:\/\/mayavista.com\/es\/restaurante\/","url":"https:\/\/mayavista.com\/es\/restaurante\/","name":"Restaurante &#8226; Hotel Maya Vista","isPartOf":{"@id":"https:\/\/mayavista.com\/es\/#website"},"primaryImageOfPage":{"@id":"https:\/\/mayavista.com\/es\/restaurante\/#primaryimage"},"image":{"@id":"https:\/\/mayavista.com\/es\/restaurante\/#primaryimage"},"thumbnailUrl":"http:\/\/mayavista.com\/dev\/wp-content\/uploads\/2016\/12\/restaurant.jpg","datePublished":"2017-10-16T04:06:26+00:00","dateModified":"2017-10-16T04:10:59+00:00","breadcrumb":{"@id":"https:\/\/mayavista.com\/es\/restaurante\/#breadcrumb"},"inLanguage":"es","potentialAction":[{"@type":"ReadAction","target":["https:\/\/mayavista.com\/es\/restaurante\/"]}]},{"@type":"ImageObject","inLanguage":"es","@id":"https:\/\/mayavista.com\/es\/restaurante\/#primaryimage","url":"http:\/\/mayavista.com\/dev\/wp-content\/uploads\/2016\/12\/restaurant.jpg","contentUrl":"http:\/\/mayavista.com\/dev\/wp-content\/uploads\/2016\/12\/restaurant.jpg"},{"@type":"BreadcrumbList","@id":"https:\/\/mayavista.com\/es\/restaurante\/#breadcrumb","itemListElement":[{"@type":"ListItem","position":1,"name":"Home","item":"https:\/\/mayavista.com\/es\/"},{"@type":"ListItem","position":2,"name":"Restaurante"}]},{"@type":"WebSite","@id":"https:\/\/mayavista.com\/es\/#website","url":"https:\/\/mayavista.com\/es\/","name":"Hotel Maya Vista","description":"Hotel and Restaurant in Tela, Honduras","publisher":{"@id":"https:\/\/mayavista.com\/es\/#organization"},"potentialAction":[{"@type":"SearchAction","target":{"@type":"EntryPoint","urlTemplate":"https:\/\/mayavista.com\/es\/?s={search_term_string}"},"query-input":{"@type":"PropertyValueSpecification","valueRequired":true,"valueName":"search_term_string"}}],"inLanguage":"es"},{"@type":"Organization","@id":"https:\/\/mayavista.com\/es\/#organization","name":"Hotel Maya Vista","url":"https:\/\/mayavista.com\/es\/","logo":{"@type":"ImageObject","inLanguage":"es","@id":"https:\/\/mayavista.com\/es\/#\/schema\/logo\/image\/","url":"https:\/\/mayavista.com\/wp-content\/uploads\/2016\/11\/logo-mayavista.png","contentUrl":"https:\/\/mayavista.com\/wp-content\/uploads\/2016\/11\/logo-mayavista.png","width":340,"height":80,"caption":"Hotel Maya Vista"},"image":{"@id":"https:\/\/mayavista.com\/es\/#\/schema\/logo\/image\/"},"sameAs":["https:\/\/www.facebook.com\/Maya-Vista-Hotel-Tela-Honduras-284974334864531"]}]}},"_links":{"self":[{"href":"https:\/\/mayavista.com\/es\/wp-json\/wp\/v2\/pages\/1210","targetHints":{"allow":["GET"]}}],"collection":[{"href":"https:\/\/mayavista.com\/es\/wp-json\/wp\/v2\/pages"}],"about":[{"href":"https:\/\/mayavista.com\/es\/wp-json\/wp\/v2\/types\/page"}],"author":[{"embeddable":true,"href":"https:\/\/mayavista.com\/es\/wp-json\/wp\/v2\/users\/3"}],"replies":[{"embeddable":true,"href":"https:\/\/mayavista.com\/es\/wp-json\/wp\/v2\/comments?post=1210"}],"version-history":[{"count":8,"href":"https:\/\/mayavista.com\/es\/wp-json\/wp\/v2\/pages\/1210\/revisions"}],"predecessor-version":[{"id":1640,"href":"https:\/\/mayavista.com\/es\/wp-json\/wp\/v2\/pages\/1210\/revisions\/1640"}],"wp:attachment":[{"href":"https:\/\/mayavista.com\/es\/wp-json\/wp\/v2\/media?parent=1210"}],"curies":[{"name":"wp","href":"https:\/\/api.w.org\/{rel}","templated":true}]}}