{"id":1221,"date":"2017-10-15T22:23:43","date_gmt":"2017-10-16T04:23:43","guid":{"rendered":"http:\/\/mayavista.com\/dev\/contactos\/"},"modified":"2024-11-24T13:51:11","modified_gmt":"2024-11-24T19:51:11","slug":"contactos","status":"publish","type":"page","link":"https:\/\/mayavista.com\/es\/contactos\/","title":{"rendered":"Contactos"},"content":{"rendered":"<p>[et_pb_section fb_built=\u00bb1&#8243; _builder_version=\u00bb4.16&#8243; global_colors_info=\u00bb{}\u00bb][et_pb_row column_structure=\u00bb1_2,1_2&#8243; _builder_version=\u00bb4.16&#8243; background_size=\u00bbinitial\u00bb background_position=\u00bbtop_left\u00bb background_repeat=\u00bbrepeat\u00bb global_colors_info=\u00bb{}\u00bb][et_pb_column type=\u00bb1_2&#8243; _builder_version=\u00bb4.16&#8243; custom_padding=\u00bb|||\u00bb global_colors_info=\u00bb{}\u00bb custom_padding__hover=\u00bb|||\u00bb][et_pb_text admin_label=\u00bbTitle\u00bb _builder_version=\u00bb4.19.1&#8243; locked=\u00bboff\u00bb global_colors_info=\u00bb{}\u00bb]<\/p>\n<h2>Contactos y Reservaciones<\/h2>\n<p>[\/et_pb_text][et_pb_text _builder_version=\u00bb4.25.0&#8243; link_text_color=\u00bb#007fe1&#8243; custom_margin=\u00bb||30px||false|false\u00bb custom_padding=\u00bb||||false|false\u00bb global_colors_info=\u00bb{}\u00bb]<\/p>\n<h4><strong>Hotel y Restaurante Maya Vista<\/strong><\/h4>\n<p>Entrada de Barrio Lempira, Tela, Honduras.<br \/>Mobile y WhatsApp: <strong>+504 9890-8003<\/strong><br \/>Email: <strong><a href=\"mailto:info@mayavista.com\">info@mayavista.com<\/a><\/strong><\/p>\n<p>[\/et_pb_text][et_pb_image src=\u00bbhttps:\/\/mayavista.com\/wp-content\/uploads\/2016\/10\/map-1.jpg\u00bb align_tablet=\u00bbcenter\u00bb align_phone=\u00bb\u00bb align_last_edited=\u00bbon|desktop\u00bb _builder_version=\u00bb4.16&#8243; background_color=\u00bb#e09900&#8243; always_center_on_mobile=\u00bbon\u00bb global_colors_info=\u00bb{}\u00bb][\/et_pb_image][\/et_pb_column][et_pb_column type=\u00bb1_2&#8243; _builder_version=\u00bb4.16&#8243; custom_padding=\u00bb|||\u00bb global_colors_info=\u00bb{}\u00bb custom_padding__hover=\u00bb|||\u00bb][et_pb_contact_form captcha=\u00bboff\u00bb email=\u00bbpcouture009@gmail.com\u00bb disabled_on=\u00bboff|off|off\u00bb _builder_version=\u00bb4.27.3&#8243; _module_preset=\u00bbdefault\u00bb _unique_id=\u00bb55fb0576-d1a4-4d20-b4c1-d9d2dafdf7a1&#8243; custom_button=\u00bbon\u00bb button_text_color=\u00bb#007FE0&#8243; hover_enabled=\u00bb0&#8243; use_custom_message_richtext=\u00bbon\u00bb custom_message_richtext=\u00bb<\/p>\n<h4>Contacto desde el sitio del Hotel Maya Vista<\/h4>\n<p><strong>Nombre:<\/strong> %%fullname%%<br \/><strong>Email:<\/strong> %%email%%<br \/><strong>Tel\u00e9fono:<\/strong> %%phone%%<br \/><strong>Desde:<\/strong> %%writingfrom%%<br \/><strong>Hu\u00e9spedes:<\/strong> %%guests%%<br \/><strong>Habitaciones:<\/strong> %%rooms%%<br \/><strong>Entrada:<\/strong> %%check-in%%<br \/><strong>Salida:<\/strong> %%check-out%%<\/p>\n<\/p>\n<p><strong>Asunto:<\/strong> %%subject%%<\/p>\n<\/p>\n<p>%%message%%<\/p>\n<hr style=%22background-color: #dedede; border-width: 0; color: #000000; height: 1px; line-height: 0; text-align: left; margin-top: 30px; width: 100%;%22 \/>\n<p><span style=%22font-size: 11px; color: grey;%22>Mensaje enviado el <strong>%%dcfh_date%%<\/strong> a las <strong>%%dcfh_time%%<br \/><\/strong>Desde la p\u00e1gina<strong> %%dcfh_post_title%% (%%dcfh_post_url%%)<\/strong><\/span><\/p>\n<p>\u00bb admin_email_subject=\u00bbConsulta de %%fullname%%: %%subject%%\u00bb admin_email_from_name=\u00bbMaya Vista\u00bb admin_email_bcc=\u00bbagostinosarnari@gmail.com\u00bb locked=\u00bboff\u00bb global_colors_info=\u00bb{}\u00bb use_googlerecaptcha_v2=\u00bbon\u00bb sticky_enabled=\u00bb0&#8243;][et_pb_contact_field field_id=\u00bbfullname\u00bb field_title=\u00bbNombre Completo\u00bb _builder_version=\u00bb4.19.2&#8243; global_colors_info=\u00bb{}\u00bb button_text_size__hover_enabled=\u00bboff\u00bb button_one_text_size__hover_enabled=\u00bboff\u00bb button_two_text_size__hover_enabled=\u00bboff\u00bb button_text_color__hover_enabled=\u00bboff\u00bb button_one_text_color__hover_enabled=\u00bboff\u00bb button_two_text_color__hover_enabled=\u00bboff\u00bb button_border_width__hover_enabled=\u00bboff\u00bb button_one_border_width__hover_enabled=\u00bboff\u00bb button_two_border_width__hover_enabled=\u00bboff\u00bb button_border_color__hover_enabled=\u00bboff\u00bb button_one_border_color__hover_enabled=\u00bboff\u00bb button_two_border_color__hover_enabled=\u00bboff\u00bb button_border_radius__hover_enabled=\u00bboff\u00bb button_one_border_radius__hover_enabled=\u00bboff\u00bb button_two_border_radius__hover_enabled=\u00bboff\u00bb button_letter_spacing__hover_enabled=\u00bboff\u00bb button_one_letter_spacing__hover_enabled=\u00bboff\u00bb button_two_letter_spacing__hover_enabled=\u00bboff\u00bb button_bg_color__hover_enabled=\u00bboff\u00bb button_one_bg_color__hover_enabled=\u00bboff\u00bb button_two_bg_color__hover_enabled=\u00bboff\u00bb][\/et_pb_contact_field][et_pb_contact_field field_id=\u00bbemail\u00bb field_title=\u00bbEmail\u00bb field_type=\u00bbemail\u00bb _builder_version=\u00bb4.19.1&#8243; global_colors_info=\u00bb{}\u00bb button_text_size__hover_enabled=\u00bboff\u00bb button_one_text_size__hover_enabled=\u00bboff\u00bb button_two_text_size__hover_enabled=\u00bboff\u00bb button_text_color__hover_enabled=\u00bboff\u00bb button_one_text_color__hover_enabled=\u00bboff\u00bb button_two_text_color__hover_enabled=\u00bboff\u00bb button_border_width__hover_enabled=\u00bboff\u00bb button_one_border_width__hover_enabled=\u00bboff\u00bb button_two_border_width__hover_enabled=\u00bboff\u00bb button_border_color__hover_enabled=\u00bboff\u00bb button_one_border_color__hover_enabled=\u00bboff\u00bb button_two_border_color__hover_enabled=\u00bboff\u00bb button_border_radius__hover_enabled=\u00bboff\u00bb button_one_border_radius__hover_enabled=\u00bboff\u00bb button_two_border_radius__hover_enabled=\u00bboff\u00bb button_letter_spacing__hover_enabled=\u00bboff\u00bb button_one_letter_spacing__hover_enabled=\u00bboff\u00bb button_two_letter_spacing__hover_enabled=\u00bboff\u00bb button_bg_color__hover_enabled=\u00bboff\u00bb button_one_bg_color__hover_enabled=\u00bboff\u00bb button_two_bg_color__hover_enabled=\u00bboff\u00bb][\/et_pb_contact_field][et_pb_contact_field field_id=\u00bbphone\u00bb field_title=\u00bbTel\u00e9fono\u00bb required_mark=\u00bboff\u00bb _builder_version=\u00bb4.19.1&#8243; global_colors_info=\u00bb{}\u00bb button_text_size__hover_enabled=\u00bboff\u00bb button_one_text_size__hover_enabled=\u00bboff\u00bb button_two_text_size__hover_enabled=\u00bboff\u00bb button_text_color__hover_enabled=\u00bboff\u00bb button_one_text_color__hover_enabled=\u00bboff\u00bb button_two_text_color__hover_enabled=\u00bboff\u00bb button_border_width__hover_enabled=\u00bboff\u00bb button_one_border_width__hover_enabled=\u00bboff\u00bb button_two_border_width__hover_enabled=\u00bboff\u00bb button_border_color__hover_enabled=\u00bboff\u00bb button_one_border_color__hover_enabled=\u00bboff\u00bb button_two_border_color__hover_enabled=\u00bboff\u00bb button_border_radius__hover_enabled=\u00bboff\u00bb button_one_border_radius__hover_enabled=\u00bboff\u00bb button_two_border_radius__hover_enabled=\u00bboff\u00bb button_letter_spacing__hover_enabled=\u00bboff\u00bb button_one_letter_spacing__hover_enabled=\u00bboff\u00bb button_two_letter_spacing__hover_enabled=\u00bboff\u00bb button_bg_color__hover_enabled=\u00bboff\u00bb button_one_bg_color__hover_enabled=\u00bboff\u00bb button_two_bg_color__hover_enabled=\u00bboff\u00bb][\/et_pb_contact_field][et_pb_contact_field field_id=\u00bbwritingfrom\u00bb field_title=\u00bbDe donde nos escribe?\u00bb required_mark=\u00bboff\u00bb _builder_version=\u00bb4.19.1&#8243; global_colors_info=\u00bb{}\u00bb button_text_size__hover_enabled=\u00bboff\u00bb button_one_text_size__hover_enabled=\u00bboff\u00bb button_two_text_size__hover_enabled=\u00bboff\u00bb button_text_color__hover_enabled=\u00bboff\u00bb button_one_text_color__hover_enabled=\u00bboff\u00bb button_two_text_color__hover_enabled=\u00bboff\u00bb button_border_width__hover_enabled=\u00bboff\u00bb button_one_border_width__hover_enabled=\u00bboff\u00bb button_two_border_width__hover_enabled=\u00bboff\u00bb button_border_color__hover_enabled=\u00bboff\u00bb button_one_border_color__hover_enabled=\u00bboff\u00bb button_two_border_color__hover_enabled=\u00bboff\u00bb button_border_radius__hover_enabled=\u00bboff\u00bb button_one_border_radius__hover_enabled=\u00bboff\u00bb button_two_border_radius__hover_enabled=\u00bboff\u00bb button_letter_spacing__hover_enabled=\u00bboff\u00bb button_one_letter_spacing__hover_enabled=\u00bboff\u00bb button_two_letter_spacing__hover_enabled=\u00bboff\u00bb button_bg_color__hover_enabled=\u00bboff\u00bb button_one_bg_color__hover_enabled=\u00bboff\u00bb button_two_bg_color__hover_enabled=\u00bboff\u00bb][\/et_pb_contact_field][et_pb_contact_field field_id=\u00bbguests\u00bb field_title=\u00bbCu\u00e1ntos hu\u00e9spedes ser\u00edan?\u00bb field_type=\u00bbselect\u00bb select_options=\u00bb%91{%22value%22:%221%22,%22checked%22:0,%22dragID%22:-1},{%22dragID%22:0,%22value%22:%222%22,%22checked%22:0},{%22dragID%22:1,%22value%22:%223%22,%22checked%22:0},{%22value%22:%224%22,%22checked%22:0,%22dragID%22:2},{%22dragID%22:3,%22value%22:%225%22,%22checked%22:0},{%22dragID%22:28,%22value%22:%226%22,%22checked%22:0},{%22dragID%22:4,%22value%22:%227%22,%22checked%22:0},{%22dragID%22:5,%22value%22:%228%22,%22checked%22:0},{%22dragID%22:6,%22value%22:%229%22,%22checked%22:0},{%22dragID%22:7,%22value%22:%2210%22,%22checked%22:0},{%22dragID%22:19,%22value%22:%2211%22,%22checked%22:0},{%22dragID%22:8,%22value%22:%2212%22,%22checked%22:0},{%22dragID%22:9,%22value%22:%2213%22,%22checked%22:0},{%22dragID%22:11,%22value%22:%2214%22,%22checked%22:0},{%22dragID%22:13,%22value%22:%2215%22,%22checked%22:0},{%22dragID%22:16,%22value%22:%2216%22,%22checked%22:0},{%22dragID%22:17,%22value%22:%2217%22,%22checked%22:0},{%22dragID%22:18,%22value%22:%2218%22,%22checked%22:0},{%22dragID%22:15,%22value%22:%2219%22,%22checked%22:0},{%22dragID%22:14,%22value%22:%2220%22,%22checked%22:0},{%22dragID%22:12,%22value%22:%2221%22,%22checked%22:0},{%22dragID%22:10,%22value%22:%2222%22,%22checked%22:0},{%22value%22:%2223%22,%22checked%22:0,%22dragID%22:20},{%22value%22:%2224%22,%22checked%22:0,%22dragID%22:21},{%22dragID%22:22,%22value%22:%2225%22,%22checked%22:0},{%22dragID%22:23,%22value%22:%2226%22,%22checked%22:0},{%22dragID%22:24,%22value%22:%2227%22,%22checked%22:0},{%22dragID%22:25,%22value%22:%2228%22,%22checked%22:0},{%22dragID%22:26,%22value%22:%2229%22,%22checked%22:0},{%22dragID%22:27,%22value%22:%2230%22,%22checked%22:0}%93&#8243; required_mark=\u00bboff\u00bb _builder_version=\u00bb4.19.1&#8243; global_colors_info=\u00bb{}\u00bb button_text_size__hover_enabled=\u00bboff\u00bb button_one_text_size__hover_enabled=\u00bboff\u00bb button_two_text_size__hover_enabled=\u00bboff\u00bb button_text_color__hover_enabled=\u00bboff\u00bb button_one_text_color__hover_enabled=\u00bboff\u00bb button_two_text_color__hover_enabled=\u00bboff\u00bb button_border_width__hover_enabled=\u00bboff\u00bb button_one_border_width__hover_enabled=\u00bboff\u00bb button_two_border_width__hover_enabled=\u00bboff\u00bb button_border_color__hover_enabled=\u00bboff\u00bb button_one_border_color__hover_enabled=\u00bboff\u00bb button_two_border_color__hover_enabled=\u00bboff\u00bb button_border_radius__hover_enabled=\u00bboff\u00bb button_one_border_radius__hover_enabled=\u00bboff\u00bb button_two_border_radius__hover_enabled=\u00bboff\u00bb button_letter_spacing__hover_enabled=\u00bboff\u00bb button_one_letter_spacing__hover_enabled=\u00bboff\u00bb button_two_letter_spacing__hover_enabled=\u00bboff\u00bb button_bg_color__hover_enabled=\u00bboff\u00bb button_one_bg_color__hover_enabled=\u00bboff\u00bb button_two_bg_color__hover_enabled=\u00bboff\u00bb][\/et_pb_contact_field][et_pb_contact_field field_id=\u00bbrooms\u00bb field_title=\u00bbCu\u00e1ntas habitaciones necesitan?\u00bb field_type=\u00bbselect\u00bb select_options=\u00bb%91{%22value%22:%221%22,%22checked%22:0,%22dragID%22:-1},{%22dragID%22:0,%22value%22:%222%22,%22checked%22:0},{%22dragID%22:1,%22value%22:%223%22,%22checked%22:0},{%22value%22:%224%22,%22checked%22:0,%22dragID%22:2},{%22dragID%22:3,%22value%22:%225%22,%22checked%22:0},{%22dragID%22:4,%22value%22:%226%22,%22checked%22:0},{%22dragID%22:5,%22value%22:%227%22,%22checked%22:0},{%22dragID%22:6,%22value%22:%228%22,%22checked%22:0},{%22dragID%22:7,%22value%22:%229%22,%22checked%22:0}%93&#8243; required_mark=\u00bboff\u00bb _builder_version=\u00bb4.19.1&#8243; global_colors_info=\u00bb{}\u00bb button_text_size__hover_enabled=\u00bboff\u00bb button_one_text_size__hover_enabled=\u00bboff\u00bb button_two_text_size__hover_enabled=\u00bboff\u00bb button_text_color__hover_enabled=\u00bboff\u00bb button_one_text_color__hover_enabled=\u00bboff\u00bb button_two_text_color__hover_enabled=\u00bboff\u00bb button_border_width__hover_enabled=\u00bboff\u00bb button_one_border_width__hover_enabled=\u00bboff\u00bb button_two_border_width__hover_enabled=\u00bboff\u00bb button_border_color__hover_enabled=\u00bboff\u00bb button_one_border_color__hover_enabled=\u00bboff\u00bb button_two_border_color__hover_enabled=\u00bboff\u00bb button_border_radius__hover_enabled=\u00bboff\u00bb button_one_border_radius__hover_enabled=\u00bboff\u00bb button_two_border_radius__hover_enabled=\u00bboff\u00bb button_letter_spacing__hover_enabled=\u00bboff\u00bb button_one_letter_spacing__hover_enabled=\u00bboff\u00bb button_two_letter_spacing__hover_enabled=\u00bboff\u00bb button_bg_color__hover_enabled=\u00bboff\u00bb button_one_bg_color__hover_enabled=\u00bboff\u00bb button_two_bg_color__hover_enabled=\u00bboff\u00bb][\/et_pb_contact_field][et_pb_contact_field field_id=\u00bbcheck-in\u00bb field_title=\u00bbFecha de Entrada\u00bb required_mark=\u00bboff\u00bb _builder_version=\u00bb4.19.2&#8243; _module_preset=\u00bbdefault\u00bb use_datetime=\u00bbon\u00bb datetime_type=\u00bbdate\u00bb custom_date_format=\u00bbD d M Y\u00bb datetime_week_start=\u00bbmonday\u00bb datetime_disabled_week_days=\u00bboff|off|off|off|off|off|off\u00bb datetime_disabled_past_days=\u00bbon\u00bb global_colors_info=\u00bb{}\u00bb][\/et_pb_contact_field][et_pb_contact_field field_id=\u00bbcheck-out\u00bb field_title=\u00bbFecha de Salida\u00bb required_mark=\u00bboff\u00bb _builder_version=\u00bb4.19.2&#8243; _module_preset=\u00bbdefault\u00bb use_datetime=\u00bbon\u00bb datetime_type=\u00bbdate\u00bb custom_date_format=\u00bbD d M Y\u00bb datetime_week_start=\u00bbmonday\u00bb datetime_disabled_week_days=\u00bboff|off|off|off|off|off|off\u00bb global_colors_info=\u00bb{}\u00bb][\/et_pb_contact_field][et_pb_contact_field field_id=\u00bbsubject\u00bb field_title=\u00bbAsunto\u00bb fullwidth_field=\u00bbon\u00bb _builder_version=\u00bb4.19.2&#8243; global_colors_info=\u00bb{}\u00bb button_text_size__hover_enabled=\u00bboff\u00bb button_one_text_size__hover_enabled=\u00bboff\u00bb button_two_text_size__hover_enabled=\u00bboff\u00bb button_text_color__hover_enabled=\u00bboff\u00bb button_one_text_color__hover_enabled=\u00bboff\u00bb button_two_text_color__hover_enabled=\u00bboff\u00bb button_border_width__hover_enabled=\u00bboff\u00bb button_one_border_width__hover_enabled=\u00bboff\u00bb button_two_border_width__hover_enabled=\u00bboff\u00bb button_border_color__hover_enabled=\u00bboff\u00bb button_one_border_color__hover_enabled=\u00bboff\u00bb button_two_border_color__hover_enabled=\u00bboff\u00bb button_border_radius__hover_enabled=\u00bboff\u00bb button_one_border_radius__hover_enabled=\u00bboff\u00bb button_two_border_radius__hover_enabled=\u00bboff\u00bb button_letter_spacing__hover_enabled=\u00bboff\u00bb button_one_letter_spacing__hover_enabled=\u00bboff\u00bb button_two_letter_spacing__hover_enabled=\u00bboff\u00bb button_bg_color__hover_enabled=\u00bboff\u00bb button_one_bg_color__hover_enabled=\u00bboff\u00bb button_two_bg_color__hover_enabled=\u00bboff\u00bb][\/et_pb_contact_field][et_pb_contact_field field_id=\u00bbmessage\u00bb field_title=\u00bbMensaje\u00bb field_type=\u00bbtext\u00bb fullwidth_field=\u00bbon\u00bb _builder_version=\u00bb4.19.1&#8243; global_colors_info=\u00bb{}\u00bb button_text_size__hover_enabled=\u00bboff\u00bb button_one_text_size__hover_enabled=\u00bboff\u00bb button_two_text_size__hover_enabled=\u00bboff\u00bb button_text_color__hover_enabled=\u00bboff\u00bb button_one_text_color__hover_enabled=\u00bboff\u00bb button_two_text_color__hover_enabled=\u00bboff\u00bb button_border_width__hover_enabled=\u00bboff\u00bb button_one_border_width__hover_enabled=\u00bboff\u00bb button_two_border_width__hover_enabled=\u00bboff\u00bb button_border_color__hover_enabled=\u00bboff\u00bb button_one_border_color__hover_enabled=\u00bboff\u00bb button_two_border_color__hover_enabled=\u00bboff\u00bb button_border_radius__hover_enabled=\u00bboff\u00bb button_one_border_radius__hover_enabled=\u00bboff\u00bb button_two_border_radius__hover_enabled=\u00bboff\u00bb button_letter_spacing__hover_enabled=\u00bboff\u00bb button_one_letter_spacing__hover_enabled=\u00bboff\u00bb button_two_letter_spacing__hover_enabled=\u00bboff\u00bb button_bg_color__hover_enabled=\u00bboff\u00bb button_one_bg_color__hover_enabled=\u00bboff\u00bb button_two_bg_color__hover_enabled=\u00bboff\u00bb][\/et_pb_contact_field][\/et_pb_contact_form][\/et_pb_column][\/et_pb_row][\/et_pb_section]<\/p>\n","protected":false},"excerpt":{"rendered":"<p>Contactos y ReservacionesHotel y Restaurante Maya Vista Entrada de Barrio Lempira, Tela, Honduras.Mobile y WhatsApp: +504 9890-8003Email: info@mayavista.com<\/p>\n","protected":false},"author":3,"featured_media":0,"parent":0,"menu_order":0,"comment_status":"closed","ping_status":"closed","template":"","meta":{"_et_pb_use_builder":"on","_et_pb_old_content":"<p>Get in touch and we'll get back to you as soon as we can!<\/p><p>[contact-form-7 id=\"737\" title=\"Contact form 1\"]<\/p>","_et_gb_content_width":"","footnotes":""},"class_list":["post-1221","page","type-page","status-publish","hentry"],"yoast_head":"<!-- This site is optimized with the Yoast SEO plugin v27.2 - https:\/\/yoast.com\/product\/yoast-seo-wordpress\/ -->\n<title>Contactos &#8226; Hotel Maya Vista<\/title>\n<meta name=\"robots\" content=\"index, follow, max-snippet:-1, max-image-preview:large, max-video-preview:-1\" \/>\n<link rel=\"canonical\" href=\"https:\/\/mayavista.com\/es\/contactos\/\" \/>\n<meta property=\"og:locale\" content=\"es_ES\" \/>\n<meta property=\"og:type\" content=\"article\" \/>\n<meta property=\"og:title\" content=\"Contactos &#8226; Hotel Maya Vista\" \/>\n<meta property=\"og:description\" content=\"Contactos y ReservacionesHotel y Restaurante Maya Vista Entrada de Barrio Lempira, Tela, Honduras.Mobile y WhatsApp: +504 9890-8003Email: info@mayavista.com\" \/>\n<meta property=\"og:url\" content=\"https:\/\/mayavista.com\/es\/contactos\/\" \/>\n<meta property=\"og:site_name\" content=\"Hotel Maya Vista\" \/>\n<meta property=\"article:publisher\" content=\"https:\/\/www.facebook.com\/Maya-Vista-Hotel-Tela-Honduras-284974334864531\" \/>\n<meta property=\"article:modified_time\" content=\"2024-11-24T19:51:11+00:00\" \/>\n<meta name=\"twitter:card\" content=\"summary_large_image\" \/>\n<meta name=\"twitter:label1\" content=\"Tiempo de lectura\" \/>\n\t<meta name=\"twitter:data1\" content=\"2 minutos\" \/>\n<script type=\"application\/ld+json\" class=\"yoast-schema-graph\">{\"@context\":\"https:\/\/schema.org\",\"@graph\":[{\"@type\":\"WebPage\",\"@id\":\"https:\/\/mayavista.com\/es\/contactos\/\",\"url\":\"https:\/\/mayavista.com\/es\/contactos\/\",\"name\":\"Contactos &#8226; Hotel Maya Vista\",\"isPartOf\":{\"@id\":\"https:\/\/mayavista.com\/es\/#website\"},\"datePublished\":\"2017-10-16T04:23:43+00:00\",\"dateModified\":\"2024-11-24T19:51:11+00:00\",\"breadcrumb\":{\"@id\":\"https:\/\/mayavista.com\/es\/contactos\/#breadcrumb\"},\"inLanguage\":\"es\",\"potentialAction\":[{\"@type\":\"ReadAction\",\"target\":[\"https:\/\/mayavista.com\/es\/contactos\/\"]}]},{\"@type\":\"BreadcrumbList\",\"@id\":\"https:\/\/mayavista.com\/es\/contactos\/#breadcrumb\",\"itemListElement\":[{\"@type\":\"ListItem\",\"position\":1,\"name\":\"Home\",\"item\":\"https:\/\/mayavista.com\/es\/\"},{\"@type\":\"ListItem\",\"position\":2,\"name\":\"Contactos\"}]},{\"@type\":\"WebSite\",\"@id\":\"https:\/\/mayavista.com\/es\/#website\",\"url\":\"https:\/\/mayavista.com\/es\/\",\"name\":\"Hotel Maya Vista\",\"description\":\"Hotel and Restaurant in Tela, Honduras\",\"publisher\":{\"@id\":\"https:\/\/mayavista.com\/es\/#organization\"},\"potentialAction\":[{\"@type\":\"SearchAction\",\"target\":{\"@type\":\"EntryPoint\",\"urlTemplate\":\"https:\/\/mayavista.com\/es\/?s={search_term_string}\"},\"query-input\":{\"@type\":\"PropertyValueSpecification\",\"valueRequired\":true,\"valueName\":\"search_term_string\"}}],\"inLanguage\":\"es\"},{\"@type\":\"Organization\",\"@id\":\"https:\/\/mayavista.com\/es\/#organization\",\"name\":\"Hotel Maya Vista\",\"url\":\"https:\/\/mayavista.com\/es\/\",\"logo\":{\"@type\":\"ImageObject\",\"inLanguage\":\"es\",\"@id\":\"https:\/\/mayavista.com\/es\/#\/schema\/logo\/image\/\",\"url\":\"https:\/\/mayavista.com\/wp-content\/uploads\/2016\/11\/logo-mayavista.png\",\"contentUrl\":\"https:\/\/mayavista.com\/wp-content\/uploads\/2016\/11\/logo-mayavista.png\",\"width\":340,\"height\":80,\"caption\":\"Hotel Maya Vista\"},\"image\":{\"@id\":\"https:\/\/mayavista.com\/es\/#\/schema\/logo\/image\/\"},\"sameAs\":[\"https:\/\/www.facebook.com\/Maya-Vista-Hotel-Tela-Honduras-284974334864531\"]}]}<\/script>\n<!-- \/ Yoast SEO plugin. -->","yoast_head_json":{"title":"Contactos &#8226; Hotel Maya Vista","robots":{"index":"index","follow":"follow","max-snippet":"max-snippet:-1","max-image-preview":"max-image-preview:large","max-video-preview":"max-video-preview:-1"},"canonical":"https:\/\/mayavista.com\/es\/contactos\/","og_locale":"es_ES","og_type":"article","og_title":"Contactos &#8226; Hotel Maya Vista","og_description":"Contactos y ReservacionesHotel y Restaurante Maya Vista Entrada de Barrio Lempira, Tela, Honduras.Mobile y WhatsApp: +504 9890-8003Email: info@mayavista.com","og_url":"https:\/\/mayavista.com\/es\/contactos\/","og_site_name":"Hotel Maya Vista","article_publisher":"https:\/\/www.facebook.com\/Maya-Vista-Hotel-Tela-Honduras-284974334864531","article_modified_time":"2024-11-24T19:51:11+00:00","twitter_card":"summary_large_image","twitter_misc":{"Tiempo de lectura":"2 minutos"},"schema":{"@context":"https:\/\/schema.org","@graph":[{"@type":"WebPage","@id":"https:\/\/mayavista.com\/es\/contactos\/","url":"https:\/\/mayavista.com\/es\/contactos\/","name":"Contactos &#8226; Hotel Maya Vista","isPartOf":{"@id":"https:\/\/mayavista.com\/es\/#website"},"datePublished":"2017-10-16T04:23:43+00:00","dateModified":"2024-11-24T19:51:11+00:00","breadcrumb":{"@id":"https:\/\/mayavista.com\/es\/contactos\/#breadcrumb"},"inLanguage":"es","potentialAction":[{"@type":"ReadAction","target":["https:\/\/mayavista.com\/es\/contactos\/"]}]},{"@type":"BreadcrumbList","@id":"https:\/\/mayavista.com\/es\/contactos\/#breadcrumb","itemListElement":[{"@type":"ListItem","position":1,"name":"Home","item":"https:\/\/mayavista.com\/es\/"},{"@type":"ListItem","position":2,"name":"Contactos"}]},{"@type":"WebSite","@id":"https:\/\/mayavista.com\/es\/#website","url":"https:\/\/mayavista.com\/es\/","name":"Hotel Maya Vista","description":"Hotel and Restaurant in Tela, Honduras","publisher":{"@id":"https:\/\/mayavista.com\/es\/#organization"},"potentialAction":[{"@type":"SearchAction","target":{"@type":"EntryPoint","urlTemplate":"https:\/\/mayavista.com\/es\/?s={search_term_string}"},"query-input":{"@type":"PropertyValueSpecification","valueRequired":true,"valueName":"search_term_string"}}],"inLanguage":"es"},{"@type":"Organization","@id":"https:\/\/mayavista.com\/es\/#organization","name":"Hotel Maya Vista","url":"https:\/\/mayavista.com\/es\/","logo":{"@type":"ImageObject","inLanguage":"es","@id":"https:\/\/mayavista.com\/es\/#\/schema\/logo\/image\/","url":"https:\/\/mayavista.com\/wp-content\/uploads\/2016\/11\/logo-mayavista.png","contentUrl":"https:\/\/mayavista.com\/wp-content\/uploads\/2016\/11\/logo-mayavista.png","width":340,"height":80,"caption":"Hotel Maya Vista"},"image":{"@id":"https:\/\/mayavista.com\/es\/#\/schema\/logo\/image\/"},"sameAs":["https:\/\/www.facebook.com\/Maya-Vista-Hotel-Tela-Honduras-284974334864531"]}]}},"_links":{"self":[{"href":"https:\/\/mayavista.com\/es\/wp-json\/wp\/v2\/pages\/1221","targetHints":{"allow":["GET"]}}],"collection":[{"href":"https:\/\/mayavista.com\/es\/wp-json\/wp\/v2\/pages"}],"about":[{"href":"https:\/\/mayavista.com\/es\/wp-json\/wp\/v2\/types\/page"}],"author":[{"embeddable":true,"href":"https:\/\/mayavista.com\/es\/wp-json\/wp\/v2\/users\/3"}],"replies":[{"embeddable":true,"href":"https:\/\/mayavista.com\/es\/wp-json\/wp\/v2\/comments?post=1221"}],"version-history":[{"count":39,"href":"https:\/\/mayavista.com\/es\/wp-json\/wp\/v2\/pages\/1221\/revisions"}],"predecessor-version":[{"id":2965,"href":"https:\/\/mayavista.com\/es\/wp-json\/wp\/v2\/pages\/1221\/revisions\/2965"}],"wp:attachment":[{"href":"https:\/\/mayavista.com\/es\/wp-json\/wp\/v2\/media?parent=1221"}],"curies":[{"name":"wp","href":"https:\/\/api.w.org\/{rel}","templated":true}]}}