{"id":1302,"date":"2017-10-16T12:02:19","date_gmt":"2017-10-16T18:02:19","guid":{"rendered":"http:\/\/mayavista.com\/dev\/tela-honduras\/"},"modified":"2017-11-08T19:30:14","modified_gmt":"2017-11-09T01:30:14","slug":"tela-honduras","status":"publish","type":"page","link":"https:\/\/mayavista.com\/es\/tela-honduras\/","title":{"rendered":"Tela, Honduras"},"content":{"rendered":"<p>[et_pb_section fb_built=\u00bb1&#8243; admin_label=\u00bbsection\u00bb _builder_version=\u00bb3.0.47&#8243;][et_pb_row admin_label=\u00bbrow\u00bb _builder_version=\u00bb3.0.47&#8243; background_size=\u00bbinitial\u00bb background_position=\u00bbtop_left\u00bb background_repeat=\u00bbrepeat\u00bb][et_pb_column type=\u00bb4_4&#8243; _builder_version=\u00bb3.0.47&#8243; parallax=\u00bboff\u00bb parallax_method=\u00bbon\u00bb][et_pb_gallery gallery_ids=\u00bb996,999,1538,1025,1022,1535,1028,1541&#8243; gallery_captions=\u00bb,,,,\u00bb posts_number=\u00bb4&#8243; show_title_and_caption=\u00bboff\u00bb box_shadow_style_image=\u00bbpreset3&#8243; _builder_version=\u00bb3.0.85&#8243; pagination_font_size_tablet=\u00bb51&#8243; pagination_line_height_tablet=\u00bb2&#8243;][\/et_pb_gallery][et_pb_text admin_label=\u00bbTela\u00bb _builder_version=\u00bb3.0.86&#8243;]<\/p>\n<h2>Tela<\/h2>\n<p>No es f\u00e1cil, trotando por el mundo, encontrarse con un lugar que tenga tanta belleza y atractivos naturales como aquellos con que cuenta la <strong>Bah\u00eda de Tela<\/strong>,<strong>\u00a0<\/strong>ubicada en la<strong> Costa Norte de Honduras<\/strong>, a solo 100 Km desde el aeropuerto internacional de <strong>San Pedro Sula<\/strong>.<\/p>\n<p>Muy famosa por sus cristalinas aguas, sus blancas playas caribe\u00f1as, y la lujuosa vegetaci\u00f3n de los parque naturales que la rodean, ha estado despertando inter\u00e9s y cari\u00f1o a sus visitantes por ser la cuna de la cultura Garifuna, etnia afro-caribe\u00f1a particolarmente presente en este sector de la costa atl\u00e1ntica. Su gente, idioma, musica y bailes son facilmente apreciables en las varias y t\u00edpicas aldeas que se ubican a pocos kilometros de la ciudad, como ser la de Rio Tinto, Miami, Tornabe, San Juan, La Ensenada y Triunfo de la Cruz.<\/p>\n<p>Las reservas naturales de\u00a0<strong>Punta Sal, Punto Izopo<\/strong>\u00a0y el\u00a0<strong>Jard\u00edn Bot\u00e1nico de Lancetilla<\/strong>\u00a0est\u00e1n entre los m\u00e1s importantes parques nacionales del pa\u00eds, siendo <strong>Lancetilla<\/strong>, uno de los jardines botanicos m\u00e1s grandes en el mundo. Adem\u00e1s, Tela cuenta con una <strong>Cancha de Golf PGA<\/strong>. Preguntenos sobre las visitas a todos estos lugares, el Maya Vista puede organizar tours a todos los lugares atractivos de nuestra bah\u00eda.<\/p>\n<p>Tela fue originalmente la sede de la\u00a0<strong>Tela Railroad<\/strong><strong>\u00a0Company<\/strong>, la due\u00f1a de a Chiquita Banana&#8230; \u00a0Aun hoy, la ciudad mantiene su atm\u00f3sfera de ciudad bananera y su pasado se revive al observar muchos de los edificios de la \u00e9poca que junto al calor de sus habitantes y un clima envidiable, regalan a Tela un ambiente relajante, t\u00edpicamente caribe\u00f1o que encanta a todos sus visitantes<strong>.<\/strong><\/p>\n<p>Tela se encuentra muy bien localizada para desde ella ir a conocer f\u00e1cilmente a casi todos los m\u00e1s importantes lugares tur\u00edsticos del pa\u00eds: a poco m\u00e1s de una hora en carro encontramos\u00a0<strong>La Ceiba<\/strong>, con su\u00a0<strong>Parque Nacional<\/strong>\u00a0<strong>Pico Bonito<\/strong>, la<strong>\u00a0Reserva de Cuero y Salado <\/strong>y el<strong> Rio Cangrejal<\/strong>. En direcci\u00f3n opuesta, siempre con el mismo tiempo de viaje est\u00e1\u00a0<strong>San Pedro Sula<\/strong>\u00a0en donde a parte del aeropuerto encuentramos un <strong>Museo de Historia\u00a0<\/strong>y el<strong>\u00a0Mercado de\u00a0<\/strong><b>Artesan\u00edas<\/b>. &#8230;y luego, siempre a muy pocas horas de camino: el\u00a0<strong>Lago de Yojoa<\/strong>, el\u00a0<strong>Parque Arqueol\u00f3gico\u00a0Los Naranjos,<\/strong>\u00a0la\u00a0<strong>Catarata de Pulhapanzak<\/strong>\u00a0y las\u00a0<strong>Ruinas\u00a0de Cop\u00e1n<\/strong>&#8230;<\/p>\n<p>[\/et_pb_text][et_pb_divider color=\u00bb#e09900&#8243; show_divider=\u00bbon\u00bb divider_position=\u00bbcenter\u00bb height=\u00bb20px\u00bb _builder_version=\u00bb3.0.82&#8243;][\/et_pb_divider][et_pb_text admin_label=\u00bbHonduras\u00bb _builder_version=\u00bb3.0.86&#8243;]<\/p>\n<h2>Honduras<\/h2>\n<p><strong>Honduras<\/strong> est\u00e1 ubicado en el centro de Centro Am\u00e9rica&#8230; Su extensi\u00f3n territorial cubre 112,482 Km2. \u00a0Tiene 3 fronteras, el oeste con\u00a0Guatemala, el suroeste con\u00a0El Salvador\u00a0y el sudeste con\u00a0Nicaragua. Hacia el norte colinda con el\u00a0Mar Caribe\u00a0y al sur con el\u00a0Oc\u00e9ano Pacifico.<\/p>\n<p>El Espa\u00f1ol es el idioma oficial de\u00a0<strong>Honduras<\/strong>. El Ingl\u00e9s es hablado en el departamento de\u00a0<strong>Islas de la Bah\u00eda<\/strong>\u00a0(<strong>Utila<\/strong>, <strong>Roatan<\/strong> y <strong>Guanaja<\/strong>) as\u00ed como en la mayor\u00eda de las \u00e1reas tur\u00edsticas.<\/p>\n<p>Para entrar a\u00a0Honduras, se requiere de un\u00a0pasaporte v\u00e1lido. Los ciudadanos de la mayor\u00eda de los pa\u00edses occidentales pueden permanecer 30 d\u00edas en Honduras sin una visa, siendo posible extender este tiempo hasta un total de permanencia de 90 d\u00edas.<\/p>\n<p>El\u00a0<strong>Lempira<\/strong>\u00a0es la\u00a0<strong>moneda oficial<\/strong>\u00a0de Honduras pero a lo largo del pa\u00eds son ampliamente aceptados los d\u00f3lares estadounidenses y las mayor\u00eda de las tarjetas de cr\u00e9dito.<\/p>\n<p><strong>Avianca, Continental, American<\/strong>,\u00a0<strong>United Airlines<\/strong> y otras aerol\u00edneas\u00a0vuelan\u00a0al aeropuerto de <strong>San Pedro Sula<\/strong>, del cual <strong>Tela<\/strong> queda a solamente 1 hora de carro.<\/p>\n<p>[\/et_pb_text][\/et_pb_column][\/et_pb_row][\/et_pb_section]<\/p>\n","protected":false},"excerpt":{"rendered":"<p>Tela No es f\u00e1cil, trotando por el mundo, encontrarse con un lugar que tenga tanta belleza y atractivos naturales como aquellos con que cuenta la Bah\u00eda de Tela,\u00a0ubicada en la Costa Norte de Honduras, a solo 100 Km desde el aeropuerto internacional de San Pedro Sula. Muy famosa por sus cristalinas aguas, sus blancas playas caribe\u00f1as, y la lujuosa vegetaci\u00f3n de los parque naturales que la rodean, ha estado despertando inter\u00e9s y cari\u00f1o a sus visitantes por ser la cuna de la cultura Garifuna, etnia afro-caribe\u00f1a particolarmente presente en este sector de la costa atl\u00e1ntica. Su gente, idioma, musica y bailes son facilmente apreciables en las varias y t\u00edpicas aldeas que se ubican a pocos kilometros de la ciudad, como ser la de Rio Tinto, Miami, Tornabe, San Juan, La Ensenada y Triunfo de la Cruz. Las reservas naturales de\u00a0Punta Sal, Punto Izopo\u00a0y el\u00a0Jard\u00edn Bot\u00e1nico de Lancetilla\u00a0est\u00e1n entre los m\u00e1s importantes parques nacionales del pa\u00eds, siendo Lancetilla, uno de los jardines botanicos m\u00e1s grandes en el mundo. Adem\u00e1s, Tela cuenta con una Cancha de Golf PGA. Preguntenos sobre las visitas a todos estos lugares, el Maya Vista puede organizar tours a todos los lugares atractivos de nuestra bah\u00eda. Tela fue [&hellip;]<\/p>\n","protected":false},"author":3,"featured_media":0,"parent":0,"menu_order":0,"comment_status":"closed","ping_status":"closed","template":"","meta":{"_et_pb_use_builder":"on","_et_pb_old_content":"<p><strong>Bay of Tela<\/strong> is located on the <strong>North Caribbean Coast<\/strong> of Honduras 90 km. East of <strong>San Pedro Sula, <\/strong>an excellent paved highway connects Tela to it and further onto <strong>La Ceiba<\/strong> which is a little over 100 km east.<\/p><p>From the San Pedro Sula airport, <strong>Tela<\/strong> is only 1 hour away by road. If you want to reach Telag by bus, <strong>Hedman Alas<\/strong> offers direct first class bus service from <strong>Tegucigalpa, San Pedro Sula<\/strong> (city and airport)<strong>, La Ceiba <\/strong>and <strong>Copan <\/strong>(home of the famous <strong>Mayan Ruins<\/strong>).<\/p><p>Tela was originally the base of <strong>Tela Railroad Company<\/strong>, the owner of Chiquita Bananas. The town today still has the atmosphere of a <strong>banana town<\/strong> and this can be seen in some of the town's buildings. Today the town is a sleepy and <strong>relaxed Caribbean coastal town<\/strong> with a lot of charm and character.<\/p><p>The Bay of Tela is will known for is <strong>white sandy caribbean beaches<\/strong> and the <strong>Garifuna culture<\/strong> which can be seen in the nearby villages of Rio Tinto, Miami, Tornabe, San Juan, La Ensenada and Triunfo de la Cruz. \u00a0In his surround, there are three of the most important and amazing natural parks of Honduras: <strong>Punta Sal<\/strong>, <strong>Punto Izopo<\/strong> and the <strong>Lancetilla Botanical Gardens<\/strong> that is one of the largest tropical botanical gardens in the world.<\/p><p>Tela is well located close to the nearby attractions of<strong> La Ceiba<\/strong> such as <strong>Pico Bonito National Park, Rio Cangrejal, Cayos Cochinos <\/strong>and the <strong>Cuero y Salado Nature Reserve<\/strong>. <strong>San Pedro Sula<\/strong> and its <strong>history museum, handicrafts market<\/strong> and its many <strong>facilities<\/strong> are located nearby. <strong>\u00a0Lago Yojoa, Los Narajos Archaeology Park<\/strong> and <strong>Pulhapanzak waterfall <\/strong>can all be visited in a day from Tela and <strong>Copan Ruinas <\/strong>is with in visiting distance also.\u00a0 Tours could be arranged from the Maya Vista hotel.<\/p><p>\u00a0<\/p><h3>Honduras<\/h3><p><strong>Honduras<\/strong> is located in the center of Central America. Its territorial extension covers 112,482 squares Km. \u00a0It has 3 borders, the western linking with <strong>Guatemala,<\/strong> the southwest with <strong>El Salvador<\/strong> and the east with <strong>Nicaragua.<\/strong> To the North lies the <strong>Caribbean Sea<\/strong> and to the South the Pacific Ocean.<\/p><p><strong>Spanish <\/strong>is the official language of Honduras. <strong>English<\/strong> is spoken in the Bay Islands and in most tourist areas of the country.<\/p><p>To <strong>enter Honduras <\/strong>you require a <strong>valid passport. <\/strong>Citizens of most western countries can stay 30 days in Honduras without a visa. Extensions are possible to a total stay of 90 days.<\/p><p>The<strong> Lempira<\/strong> is the <strong>official currency <\/strong>of Honduras. Major <strong>credit cards <\/strong>and <strong>traveler's checks<\/strong> are widely <strong>accepted<\/strong> and <strong>cash advances<\/strong> can be made with<strong> credit cards<\/strong> at most banks.<\/p><p><strong>TACA, Continental, American, Delta,<\/strong> \u00a0all fly to San Pedro Sula in Honduras. From the San Pedro Sula airport Tela is only 1 hour away by road. If you are traveling by bus <strong>Hedman Alas<\/strong> offer <strong>direct first class bus service <\/strong>from <strong>Tegucigalpa, San Pedro Sula, La Ceiba and Copan <\/strong>home of the famous<strong> Mayan Ruins of Copan to Tela.<br \/> <\/strong><br \/> Tela is well located close to the nearby attractions of<strong> La Ceiba<\/strong> such as <strong>Pico Bonito National Park, Rio Cangrejal, Cayos Cochinos <\/strong>and the <strong>Cuero y Salado Nature Reserve<\/strong>. <strong>San Pedro Sula<\/strong> and its <strong>history museum, handicrafts market<\/strong> and its many <strong>facilities<\/strong> are located nearby. <strong>Lago Yojoa, Los Narajos Archaeology Park<\/strong> and <strong>Pulhapanzak waterfall <\/strong>can all be visited in a day from Tela and <strong>Copan Ruinas <\/strong>is with in visiting distance also. \u00a0Tours could be arranged from the Maya-Vista hotel.<\/p>","_et_gb_content_width":"","footnotes":""},"class_list":["post-1302","page","type-page","status-publish","hentry"],"yoast_head":"<!-- This site is optimized with the Yoast SEO plugin v27.2 - https:\/\/yoast.com\/product\/yoast-seo-wordpress\/ -->\n<title>Tela, Honduras &#8226; Hotel Maya Vista<\/title>\n<meta name=\"robots\" content=\"index, follow, max-snippet:-1, max-image-preview:large, max-video-preview:-1\" \/>\n<link rel=\"canonical\" href=\"https:\/\/mayavista.com\/es\/tela-honduras\/\" \/>\n<meta property=\"og:locale\" content=\"es_ES\" \/>\n<meta property=\"og:type\" content=\"article\" \/>\n<meta property=\"og:title\" content=\"Tela, Honduras &#8226; Hotel Maya Vista\" \/>\n<meta property=\"og:description\" content=\"Tela No es f\u00e1cil, trotando por el mundo, encontrarse con un lugar que tenga tanta belleza y atractivos naturales como aquellos con que cuenta la Bah\u00eda de Tela,\u00a0ubicada en la Costa Norte de Honduras, a solo 100 Km desde el aeropuerto internacional de San Pedro Sula. Muy famosa por sus cristalinas aguas, sus blancas playas caribe\u00f1as, y la lujuosa vegetaci\u00f3n de los parque naturales que la rodean, ha estado despertando inter\u00e9s y cari\u00f1o a sus visitantes por ser la cuna de la cultura Garifuna, etnia afro-caribe\u00f1a particolarmente presente en este sector de la costa atl\u00e1ntica. Su gente, idioma, musica y bailes son facilmente apreciables en las varias y t\u00edpicas aldeas que se ubican a pocos kilometros de la ciudad, como ser la de Rio Tinto, Miami, Tornabe, San Juan, La Ensenada y Triunfo de la Cruz. Las reservas naturales de\u00a0Punta Sal, Punto Izopo\u00a0y el\u00a0Jard\u00edn Bot\u00e1nico de Lancetilla\u00a0est\u00e1n entre los m\u00e1s importantes parques nacionales del pa\u00eds, siendo Lancetilla, uno de los jardines botanicos m\u00e1s grandes en el mundo. Adem\u00e1s, Tela cuenta con una Cancha de Golf PGA. Preguntenos sobre las visitas a todos estos lugares, el Maya Vista puede organizar tours a todos los lugares atractivos de nuestra bah\u00eda. Tela fue [&hellip;]\" \/>\n<meta property=\"og:url\" content=\"https:\/\/mayavista.com\/es\/tela-honduras\/\" \/>\n<meta property=\"og:site_name\" content=\"Hotel Maya Vista\" \/>\n<meta property=\"article:publisher\" content=\"https:\/\/www.facebook.com\/Maya-Vista-Hotel-Tela-Honduras-284974334864531\" \/>\n<meta property=\"article:modified_time\" content=\"2017-11-09T01:30:14+00:00\" \/>\n<meta name=\"twitter:card\" content=\"summary_large_image\" \/>\n<meta name=\"twitter:label1\" content=\"Tiempo de lectura\" \/>\n\t<meta name=\"twitter:data1\" content=\"4 minutos\" \/>\n<script type=\"application\/ld+json\" class=\"yoast-schema-graph\">{\"@context\":\"https:\/\/schema.org\",\"@graph\":[{\"@type\":\"WebPage\",\"@id\":\"https:\/\/mayavista.com\/es\/tela-honduras\/\",\"url\":\"https:\/\/mayavista.com\/es\/tela-honduras\/\",\"name\":\"Tela, Honduras &#8226; Hotel Maya Vista\",\"isPartOf\":{\"@id\":\"https:\/\/mayavista.com\/es\/#website\"},\"datePublished\":\"2017-10-16T18:02:19+00:00\",\"dateModified\":\"2017-11-09T01:30:14+00:00\",\"breadcrumb\":{\"@id\":\"https:\/\/mayavista.com\/es\/tela-honduras\/#breadcrumb\"},\"inLanguage\":\"es\",\"potentialAction\":[{\"@type\":\"ReadAction\",\"target\":[\"https:\/\/mayavista.com\/es\/tela-honduras\/\"]}]},{\"@type\":\"BreadcrumbList\",\"@id\":\"https:\/\/mayavista.com\/es\/tela-honduras\/#breadcrumb\",\"itemListElement\":[{\"@type\":\"ListItem\",\"position\":1,\"name\":\"Home\",\"item\":\"https:\/\/mayavista.com\/es\/\"},{\"@type\":\"ListItem\",\"position\":2,\"name\":\"Tela, Honduras\"}]},{\"@type\":\"WebSite\",\"@id\":\"https:\/\/mayavista.com\/es\/#website\",\"url\":\"https:\/\/mayavista.com\/es\/\",\"name\":\"Hotel Maya Vista\",\"description\":\"Hotel and Restaurant in Tela, Honduras\",\"publisher\":{\"@id\":\"https:\/\/mayavista.com\/es\/#organization\"},\"potentialAction\":[{\"@type\":\"SearchAction\",\"target\":{\"@type\":\"EntryPoint\",\"urlTemplate\":\"https:\/\/mayavista.com\/es\/?s={search_term_string}\"},\"query-input\":{\"@type\":\"PropertyValueSpecification\",\"valueRequired\":true,\"valueName\":\"search_term_string\"}}],\"inLanguage\":\"es\"},{\"@type\":\"Organization\",\"@id\":\"https:\/\/mayavista.com\/es\/#organization\",\"name\":\"Hotel Maya Vista\",\"url\":\"https:\/\/mayavista.com\/es\/\",\"logo\":{\"@type\":\"ImageObject\",\"inLanguage\":\"es\",\"@id\":\"https:\/\/mayavista.com\/es\/#\/schema\/logo\/image\/\",\"url\":\"https:\/\/mayavista.com\/wp-content\/uploads\/2016\/11\/logo-mayavista.png\",\"contentUrl\":\"https:\/\/mayavista.com\/wp-content\/uploads\/2016\/11\/logo-mayavista.png\",\"width\":340,\"height\":80,\"caption\":\"Hotel Maya Vista\"},\"image\":{\"@id\":\"https:\/\/mayavista.com\/es\/#\/schema\/logo\/image\/\"},\"sameAs\":[\"https:\/\/www.facebook.com\/Maya-Vista-Hotel-Tela-Honduras-284974334864531\"]}]}<\/script>\n<!-- \/ Yoast SEO plugin. -->","yoast_head_json":{"title":"Tela, Honduras &#8226; Hotel Maya Vista","robots":{"index":"index","follow":"follow","max-snippet":"max-snippet:-1","max-image-preview":"max-image-preview:large","max-video-preview":"max-video-preview:-1"},"canonical":"https:\/\/mayavista.com\/es\/tela-honduras\/","og_locale":"es_ES","og_type":"article","og_title":"Tela, Honduras &#8226; Hotel Maya Vista","og_description":"Tela No es f\u00e1cil, trotando por el mundo, encontrarse con un lugar que tenga tanta belleza y atractivos naturales como aquellos con que cuenta la Bah\u00eda de Tela,\u00a0ubicada en la Costa Norte de Honduras, a solo 100 Km desde el aeropuerto internacional de San Pedro Sula. Muy famosa por sus cristalinas aguas, sus blancas playas caribe\u00f1as, y la lujuosa vegetaci\u00f3n de los parque naturales que la rodean, ha estado despertando inter\u00e9s y cari\u00f1o a sus visitantes por ser la cuna de la cultura Garifuna, etnia afro-caribe\u00f1a particolarmente presente en este sector de la costa atl\u00e1ntica. Su gente, idioma, musica y bailes son facilmente apreciables en las varias y t\u00edpicas aldeas que se ubican a pocos kilometros de la ciudad, como ser la de Rio Tinto, Miami, Tornabe, San Juan, La Ensenada y Triunfo de la Cruz. Las reservas naturales de\u00a0Punta Sal, Punto Izopo\u00a0y el\u00a0Jard\u00edn Bot\u00e1nico de Lancetilla\u00a0est\u00e1n entre los m\u00e1s importantes parques nacionales del pa\u00eds, siendo Lancetilla, uno de los jardines botanicos m\u00e1s grandes en el mundo. Adem\u00e1s, Tela cuenta con una Cancha de Golf PGA. Preguntenos sobre las visitas a todos estos lugares, el Maya Vista puede organizar tours a todos los lugares atractivos de nuestra bah\u00eda. Tela fue [&hellip;]","og_url":"https:\/\/mayavista.com\/es\/tela-honduras\/","og_site_name":"Hotel Maya Vista","article_publisher":"https:\/\/www.facebook.com\/Maya-Vista-Hotel-Tela-Honduras-284974334864531","article_modified_time":"2017-11-09T01:30:14+00:00","twitter_card":"summary_large_image","twitter_misc":{"Tiempo de lectura":"4 minutos"},"schema":{"@context":"https:\/\/schema.org","@graph":[{"@type":"WebPage","@id":"https:\/\/mayavista.com\/es\/tela-honduras\/","url":"https:\/\/mayavista.com\/es\/tela-honduras\/","name":"Tela, Honduras &#8226; Hotel Maya Vista","isPartOf":{"@id":"https:\/\/mayavista.com\/es\/#website"},"datePublished":"2017-10-16T18:02:19+00:00","dateModified":"2017-11-09T01:30:14+00:00","breadcrumb":{"@id":"https:\/\/mayavista.com\/es\/tela-honduras\/#breadcrumb"},"inLanguage":"es","potentialAction":[{"@type":"ReadAction","target":["https:\/\/mayavista.com\/es\/tela-honduras\/"]}]},{"@type":"BreadcrumbList","@id":"https:\/\/mayavista.com\/es\/tela-honduras\/#breadcrumb","itemListElement":[{"@type":"ListItem","position":1,"name":"Home","item":"https:\/\/mayavista.com\/es\/"},{"@type":"ListItem","position":2,"name":"Tela, Honduras"}]},{"@type":"WebSite","@id":"https:\/\/mayavista.com\/es\/#website","url":"https:\/\/mayavista.com\/es\/","name":"Hotel Maya Vista","description":"Hotel and Restaurant in Tela, Honduras","publisher":{"@id":"https:\/\/mayavista.com\/es\/#organization"},"potentialAction":[{"@type":"SearchAction","target":{"@type":"EntryPoint","urlTemplate":"https:\/\/mayavista.com\/es\/?s={search_term_string}"},"query-input":{"@type":"PropertyValueSpecification","valueRequired":true,"valueName":"search_term_string"}}],"inLanguage":"es"},{"@type":"Organization","@id":"https:\/\/mayavista.com\/es\/#organization","name":"Hotel Maya Vista","url":"https:\/\/mayavista.com\/es\/","logo":{"@type":"ImageObject","inLanguage":"es","@id":"https:\/\/mayavista.com\/es\/#\/schema\/logo\/image\/","url":"https:\/\/mayavista.com\/wp-content\/uploads\/2016\/11\/logo-mayavista.png","contentUrl":"https:\/\/mayavista.com\/wp-content\/uploads\/2016\/11\/logo-mayavista.png","width":340,"height":80,"caption":"Hotel Maya Vista"},"image":{"@id":"https:\/\/mayavista.com\/es\/#\/schema\/logo\/image\/"},"sameAs":["https:\/\/www.facebook.com\/Maya-Vista-Hotel-Tela-Honduras-284974334864531"]}]}},"_links":{"self":[{"href":"https:\/\/mayavista.com\/es\/wp-json\/wp\/v2\/pages\/1302","targetHints":{"allow":["GET"]}}],"collection":[{"href":"https:\/\/mayavista.com\/es\/wp-json\/wp\/v2\/pages"}],"about":[{"href":"https:\/\/mayavista.com\/es\/wp-json\/wp\/v2\/types\/page"}],"author":[{"embeddable":true,"href":"https:\/\/mayavista.com\/es\/wp-json\/wp\/v2\/users\/3"}],"replies":[{"embeddable":true,"href":"https:\/\/mayavista.com\/es\/wp-json\/wp\/v2\/comments?post=1302"}],"version-history":[{"count":15,"href":"https:\/\/mayavista.com\/es\/wp-json\/wp\/v2\/pages\/1302\/revisions"}],"predecessor-version":[{"id":1633,"href":"https:\/\/mayavista.com\/es\/wp-json\/wp\/v2\/pages\/1302\/revisions\/1633"}],"wp:attachment":[{"href":"https:\/\/mayavista.com\/es\/wp-json\/wp\/v2\/media?parent=1302"}],"curies":[{"name":"wp","href":"https:\/\/api.w.org\/{rel}","templated":true}]}}