{"id":1310,"date":"2017-10-16T12:42:33","date_gmt":"2017-10-16T18:42:33","guid":{"rendered":"http:\/\/mayavista.com\/dev\/testimonios\/"},"modified":"2017-10-16T21:00:27","modified_gmt":"2017-10-17T03:00:27","slug":"testimonios","status":"publish","type":"page","link":"https:\/\/mayavista.com\/es\/testimonios\/","title":{"rendered":"Testimonios"},"content":{"rendered":"<p>[et_pb_section fb_built=\u00bb1&#8243; admin_label=\u00bbsection\u00bb _builder_version=\u00bb3.0.47&#8243;][et_pb_row admin_label=\u00bbrow\u00bb _builder_version=\u00bb3.0.47&#8243; background_size=\u00bbinitial\u00bb background_position=\u00bbtop_left\u00bb background_repeat=\u00bbrepeat\u00bb _i=\u00bb0&#8243; _address=\u00bb0.0&#8243;][et_pb_column type=\u00bb4_4&#8243; _builder_version=\u00bb3.0.47&#8243; parallax=\u00bboff\u00bb parallax_method=\u00bbon\u00bb][et_pb_testimonial portrait_url=\u00bbhttp:\/\/mayavista.com\/dev\/wp-content\/uploads\/2016\/12\/tripadvisor.png\u00bb background_layout=\u00bblight\u00bb _builder_version=\u00bb3.0.82&#8243; box_shadow_style=\u00bbpreset6&#8243;]<\/p>\n<p>Mi esposo y yo recientemente pasamos 2 noches en el Maya Vista, en Tela. Es un hotel \u00fanico, y las habitaciones y el comedor tienen una vista fant\u00e1stica del mar Caribe. De hecho, pod\u00edamos estar en la cama y mirar el oc\u00e9ano a trav\u00e9s de nuestras puertas de cristal! La comida tambi\u00e9n es excelente, aunque algo cara. El personal fue muy atento. Recomiendo hospedarse aqu\u00ed.<\/p>\n<p>[\/et_pb_testimonial][et_pb_testimonial portrait_url=\u00bbhttp:\/\/mayavista.com\/dev\/wp-content\/uploads\/2016\/12\/booking.jpg\u00bb background_layout=\u00bblight\u00bb _builder_version=\u00bb3.0.82&#8243; box_shadow_style=\u00bbpreset6&#8243;]<\/p>\n<p>El hotel se encuentra en la cima de una peque\u00f1a colina y es posiblemente la mejor vista de la bah\u00eda de Tela. El personal es muy amable y el propietario, que es canadiense, ama mucho a Honduras.<\/p>\n<p>[\/et_pb_testimonial][et_pb_testimonial portrait_url=\u00bbhttp:\/\/mayavista.com\/dev\/wp-content\/uploads\/2016\/12\/tripadvisor.png\u00bb background_layout=\u00bblight\u00bb _builder_version=\u00bb3.0.82&#8243; box_shadow_style=\u00bbpreset6&#8243;]<\/p>\n<p>\u00a1Gran vista! Pasamos un largo fin de semana all\u00ed, el personal fue amable y servicial. La comida fue excelente, queda a 2 cuadras de la playa. Est\u00e1 en una colina, as\u00ed que tienes una GRAN vista de Tela y del mar, tambi\u00e9n significa algunos pasos&#8230;. El aire acondicionado funcionaba, el agua caliente funcionaba, sin quejas&#8230; Mi esposa y yo estuvimos muy contentos all\u00ed.<\/p>\n<p>[\/et_pb_testimonial][et_pb_testimonial portrait_url=\u00bbhttp:\/\/mayavista.com\/dev\/wp-content\/uploads\/2016\/12\/booking.jpg\u00bb background_layout=\u00bblight\u00bb _builder_version=\u00bb3.0.82&#8243; box_shadow_style=\u00bbpreset6&#8243;]<\/p>\n<p>La habitaci\u00f3n era muy c\u00f3moda y espaciosa. La piscina era genial y la vista era incre\u00edble! Toda la comida fue fant\u00e1stica. Desde la gran cena de carnes y camarones despu\u00e9s de llegar, hasta el brindis de la primera ma\u00f1ana, el omelet a la ma\u00f1ana siguiente y tambi\u00e9n la comida final, antes de regresar a casa, fue un gran almuerzo de una hamburguesa y un s\u00e1ndwich de pollo. No se puede pedir un lugar mejor para disfrutar de nuestras mini vacaciones. <strong>Jeremy<\/strong><\/p>\n<p>[\/et_pb_testimonial][et_pb_testimonial portrait_url=\u00bbhttp:\/\/mayavista.com\/dev\/wp-content\/uploads\/2016\/12\/booking.jpg\u00bb background_layout=\u00bblight\u00bb _builder_version=\u00bb3.0.82&#8243; box_shadow_style=\u00bbpreset6&#8243;]<\/p>\n<p>Me aloj\u00e9 por 2 noches mientras visitaba a nuestra hija que trabaja en la escuela biling\u00fce local por un a\u00f1o. El personal es muy servicial, la habitaci\u00f3n impecable, el desayuno estupendo. Situado a las afueras del centro principal con excelentes vistas de la azotea. Me alojar\u00eda aqu\u00ed de nuevo. Nos dejaron usar la cama de repuesto para nuestra hija cuando llegamos tarde y la salv\u00f3 de volver a donde vive. Nos dejaron usar la cama gratis y hasta le dieron un desayuno gratis a la ma\u00f1ana siguiente. <strong>Darren<\/strong><\/p>\n<p>[\/et_pb_testimonial][\/et_pb_column][\/et_pb_row][\/et_pb_section]<\/p>\n","protected":false},"excerpt":{"rendered":"<p>Mi esposo y yo recientemente pasamos 2 noches en el Maya Vista, en Tela. Es un hotel \u00fanico, y las habitaciones y el comedor tienen una vista fant\u00e1stica del mar Caribe. De hecho, pod\u00edamos estar en la cama y mirar el oc\u00e9ano a trav\u00e9s de nuestras puertas de cristal! La comida tambi\u00e9n es excelente, aunque algo cara. El personal fue muy atento. Recomiendo hospedarse aqu\u00ed. El hotel se encuentra en la cima de una peque\u00f1a colina y es posiblemente la mejor vista de la bah\u00eda de Tela. El personal es muy amable y el propietario, que es canadiense, ama mucho a Honduras. \u00a1Gran vista! Pasamos un largo fin de semana all\u00ed, el personal fue amable y servicial. La comida fue excelente, queda a 2 cuadras de la playa. Est\u00e1 en una colina, as\u00ed que tienes una GRAN vista de Tela y del mar, tambi\u00e9n significa algunos pasos&#8230;. El aire acondicionado funcionaba, el agua caliente funcionaba, sin quejas&#8230; Mi esposa y yo estuvimos muy contentos all\u00ed. La habitaci\u00f3n era muy c\u00f3moda y espaciosa. La piscina era genial y la vista era incre\u00edble! Toda la comida fue fant\u00e1stica. Desde la gran cena de carnes y camarones despu\u00e9s de llegar, hasta el brindis [&hellip;]<\/p>\n","protected":false},"author":3,"featured_media":0,"parent":0,"menu_order":0,"comment_status":"closed","ping_status":"closed","template":"","meta":{"_et_pb_use_builder":"on","_et_pb_old_content":"<p>The Hotel Maya Vista is an ideal place for vacationers seeking a relaxing time in an original setting. Its open-air architectural design creates a special place and environment to spend time while visiting the tropical wonders Tela and Honduras.<\/p><p>Its hotel's peaceful rooms offer ocean views of the sandy caribbean coast while the restaurant serves meals with a canadian and honduran flair. Stairs zigzag to patios, to our restaurant and to our rooms. No rooms are on the same floor, which provides you with a unique intimacy and privacy.<\/p><p>Our ocean view terraces receive a cooling sea breeze and offer an exceptional view of Tela Bay and its sandy caribbean beaches. One of its balconies has hammocks where you can relax and enjoy our tropical cocktails.<\/p><p>We also offer private parking, wifi, massage room and laundry service. English, Spanish and French are spoken.<\/p><p>Your hosts, Suzanne and Pierre offer a personalized service that will make your stay and enjoyable and memorable one.<\/p><p>We can also provide you Spanish Classes + room and meals package on request.<\/p>","_et_gb_content_width":"","footnotes":""},"class_list":["post-1310","page","type-page","status-publish","hentry"],"yoast_head":"<!-- This site is optimized with the Yoast SEO plugin v27.2 - https:\/\/yoast.com\/product\/yoast-seo-wordpress\/ -->\n<title>Testimonios &#8226; Hotel Maya Vista<\/title>\n<meta name=\"robots\" content=\"index, follow, max-snippet:-1, max-image-preview:large, max-video-preview:-1\" \/>\n<link rel=\"canonical\" href=\"https:\/\/mayavista.com\/es\/testimonios\/\" \/>\n<meta property=\"og:locale\" content=\"es_ES\" \/>\n<meta property=\"og:type\" content=\"article\" \/>\n<meta property=\"og:title\" content=\"Testimonios &#8226; Hotel Maya Vista\" \/>\n<meta property=\"og:description\" content=\"Mi esposo y yo recientemente pasamos 2 noches en el Maya Vista, en Tela. Es un hotel \u00fanico, y las habitaciones y el comedor tienen una vista fant\u00e1stica del mar Caribe. De hecho, pod\u00edamos estar en la cama y mirar el oc\u00e9ano a trav\u00e9s de nuestras puertas de cristal! La comida tambi\u00e9n es excelente, aunque algo cara. El personal fue muy atento. Recomiendo hospedarse aqu\u00ed. El hotel se encuentra en la cima de una peque\u00f1a colina y es posiblemente la mejor vista de la bah\u00eda de Tela. El personal es muy amable y el propietario, que es canadiense, ama mucho a Honduras. \u00a1Gran vista! Pasamos un largo fin de semana all\u00ed, el personal fue amable y servicial. La comida fue excelente, queda a 2 cuadras de la playa. Est\u00e1 en una colina, as\u00ed que tienes una GRAN vista de Tela y del mar, tambi\u00e9n significa algunos pasos.... El aire acondicionado funcionaba, el agua caliente funcionaba, sin quejas... Mi esposa y yo estuvimos muy contentos all\u00ed. La habitaci\u00f3n era muy c\u00f3moda y espaciosa. La piscina era genial y la vista era incre\u00edble! Toda la comida fue fant\u00e1stica. Desde la gran cena de carnes y camarones despu\u00e9s de llegar, hasta el brindis [&hellip;]\" \/>\n<meta property=\"og:url\" content=\"https:\/\/mayavista.com\/es\/testimonios\/\" \/>\n<meta property=\"og:site_name\" content=\"Hotel Maya Vista\" \/>\n<meta property=\"article:publisher\" content=\"https:\/\/www.facebook.com\/Maya-Vista-Hotel-Tela-Honduras-284974334864531\" \/>\n<meta property=\"article:modified_time\" content=\"2017-10-17T03:00:27+00:00\" \/>\n<meta name=\"twitter:card\" content=\"summary_large_image\" \/>\n<meta name=\"twitter:label1\" content=\"Tiempo de lectura\" \/>\n\t<meta name=\"twitter:data1\" content=\"3 minutos\" \/>\n<script type=\"application\/ld+json\" class=\"yoast-schema-graph\">{\"@context\":\"https:\/\/schema.org\",\"@graph\":[{\"@type\":\"WebPage\",\"@id\":\"https:\/\/mayavista.com\/es\/testimonios\/\",\"url\":\"https:\/\/mayavista.com\/es\/testimonios\/\",\"name\":\"Testimonios &#8226; Hotel Maya Vista\",\"isPartOf\":{\"@id\":\"https:\/\/mayavista.com\/es\/#website\"},\"datePublished\":\"2017-10-16T18:42:33+00:00\",\"dateModified\":\"2017-10-17T03:00:27+00:00\",\"breadcrumb\":{\"@id\":\"https:\/\/mayavista.com\/es\/testimonios\/#breadcrumb\"},\"inLanguage\":\"es\",\"potentialAction\":[{\"@type\":\"ReadAction\",\"target\":[\"https:\/\/mayavista.com\/es\/testimonios\/\"]}]},{\"@type\":\"BreadcrumbList\",\"@id\":\"https:\/\/mayavista.com\/es\/testimonios\/#breadcrumb\",\"itemListElement\":[{\"@type\":\"ListItem\",\"position\":1,\"name\":\"Home\",\"item\":\"https:\/\/mayavista.com\/es\/\"},{\"@type\":\"ListItem\",\"position\":2,\"name\":\"Testimonios\"}]},{\"@type\":\"WebSite\",\"@id\":\"https:\/\/mayavista.com\/es\/#website\",\"url\":\"https:\/\/mayavista.com\/es\/\",\"name\":\"Hotel Maya Vista\",\"description\":\"Hotel and Restaurant in Tela, Honduras\",\"publisher\":{\"@id\":\"https:\/\/mayavista.com\/es\/#organization\"},\"potentialAction\":[{\"@type\":\"SearchAction\",\"target\":{\"@type\":\"EntryPoint\",\"urlTemplate\":\"https:\/\/mayavista.com\/es\/?s={search_term_string}\"},\"query-input\":{\"@type\":\"PropertyValueSpecification\",\"valueRequired\":true,\"valueName\":\"search_term_string\"}}],\"inLanguage\":\"es\"},{\"@type\":\"Organization\",\"@id\":\"https:\/\/mayavista.com\/es\/#organization\",\"name\":\"Hotel Maya Vista\",\"url\":\"https:\/\/mayavista.com\/es\/\",\"logo\":{\"@type\":\"ImageObject\",\"inLanguage\":\"es\",\"@id\":\"https:\/\/mayavista.com\/es\/#\/schema\/logo\/image\/\",\"url\":\"https:\/\/mayavista.com\/wp-content\/uploads\/2016\/11\/logo-mayavista.png\",\"contentUrl\":\"https:\/\/mayavista.com\/wp-content\/uploads\/2016\/11\/logo-mayavista.png\",\"width\":340,\"height\":80,\"caption\":\"Hotel Maya Vista\"},\"image\":{\"@id\":\"https:\/\/mayavista.com\/es\/#\/schema\/logo\/image\/\"},\"sameAs\":[\"https:\/\/www.facebook.com\/Maya-Vista-Hotel-Tela-Honduras-284974334864531\"]}]}<\/script>\n<!-- \/ Yoast SEO plugin. -->","yoast_head_json":{"title":"Testimonios &#8226; Hotel Maya Vista","robots":{"index":"index","follow":"follow","max-snippet":"max-snippet:-1","max-image-preview":"max-image-preview:large","max-video-preview":"max-video-preview:-1"},"canonical":"https:\/\/mayavista.com\/es\/testimonios\/","og_locale":"es_ES","og_type":"article","og_title":"Testimonios &#8226; Hotel Maya Vista","og_description":"Mi esposo y yo recientemente pasamos 2 noches en el Maya Vista, en Tela. Es un hotel \u00fanico, y las habitaciones y el comedor tienen una vista fant\u00e1stica del mar Caribe. De hecho, pod\u00edamos estar en la cama y mirar el oc\u00e9ano a trav\u00e9s de nuestras puertas de cristal! La comida tambi\u00e9n es excelente, aunque algo cara. El personal fue muy atento. Recomiendo hospedarse aqu\u00ed. El hotel se encuentra en la cima de una peque\u00f1a colina y es posiblemente la mejor vista de la bah\u00eda de Tela. El personal es muy amable y el propietario, que es canadiense, ama mucho a Honduras. \u00a1Gran vista! Pasamos un largo fin de semana all\u00ed, el personal fue amable y servicial. La comida fue excelente, queda a 2 cuadras de la playa. Est\u00e1 en una colina, as\u00ed que tienes una GRAN vista de Tela y del mar, tambi\u00e9n significa algunos pasos.... El aire acondicionado funcionaba, el agua caliente funcionaba, sin quejas... Mi esposa y yo estuvimos muy contentos all\u00ed. La habitaci\u00f3n era muy c\u00f3moda y espaciosa. La piscina era genial y la vista era incre\u00edble! Toda la comida fue fant\u00e1stica. Desde la gran cena de carnes y camarones despu\u00e9s de llegar, hasta el brindis [&hellip;]","og_url":"https:\/\/mayavista.com\/es\/testimonios\/","og_site_name":"Hotel Maya Vista","article_publisher":"https:\/\/www.facebook.com\/Maya-Vista-Hotel-Tela-Honduras-284974334864531","article_modified_time":"2017-10-17T03:00:27+00:00","twitter_card":"summary_large_image","twitter_misc":{"Tiempo de lectura":"3 minutos"},"schema":{"@context":"https:\/\/schema.org","@graph":[{"@type":"WebPage","@id":"https:\/\/mayavista.com\/es\/testimonios\/","url":"https:\/\/mayavista.com\/es\/testimonios\/","name":"Testimonios &#8226; Hotel Maya Vista","isPartOf":{"@id":"https:\/\/mayavista.com\/es\/#website"},"datePublished":"2017-10-16T18:42:33+00:00","dateModified":"2017-10-17T03:00:27+00:00","breadcrumb":{"@id":"https:\/\/mayavista.com\/es\/testimonios\/#breadcrumb"},"inLanguage":"es","potentialAction":[{"@type":"ReadAction","target":["https:\/\/mayavista.com\/es\/testimonios\/"]}]},{"@type":"BreadcrumbList","@id":"https:\/\/mayavista.com\/es\/testimonios\/#breadcrumb","itemListElement":[{"@type":"ListItem","position":1,"name":"Home","item":"https:\/\/mayavista.com\/es\/"},{"@type":"ListItem","position":2,"name":"Testimonios"}]},{"@type":"WebSite","@id":"https:\/\/mayavista.com\/es\/#website","url":"https:\/\/mayavista.com\/es\/","name":"Hotel Maya Vista","description":"Hotel and Restaurant in Tela, Honduras","publisher":{"@id":"https:\/\/mayavista.com\/es\/#organization"},"potentialAction":[{"@type":"SearchAction","target":{"@type":"EntryPoint","urlTemplate":"https:\/\/mayavista.com\/es\/?s={search_term_string}"},"query-input":{"@type":"PropertyValueSpecification","valueRequired":true,"valueName":"search_term_string"}}],"inLanguage":"es"},{"@type":"Organization","@id":"https:\/\/mayavista.com\/es\/#organization","name":"Hotel Maya Vista","url":"https:\/\/mayavista.com\/es\/","logo":{"@type":"ImageObject","inLanguage":"es","@id":"https:\/\/mayavista.com\/es\/#\/schema\/logo\/image\/","url":"https:\/\/mayavista.com\/wp-content\/uploads\/2016\/11\/logo-mayavista.png","contentUrl":"https:\/\/mayavista.com\/wp-content\/uploads\/2016\/11\/logo-mayavista.png","width":340,"height":80,"caption":"Hotel Maya Vista"},"image":{"@id":"https:\/\/mayavista.com\/es\/#\/schema\/logo\/image\/"},"sameAs":["https:\/\/www.facebook.com\/Maya-Vista-Hotel-Tela-Honduras-284974334864531"]}]}},"_links":{"self":[{"href":"https:\/\/mayavista.com\/es\/wp-json\/wp\/v2\/pages\/1310","targetHints":{"allow":["GET"]}}],"collection":[{"href":"https:\/\/mayavista.com\/es\/wp-json\/wp\/v2\/pages"}],"about":[{"href":"https:\/\/mayavista.com\/es\/wp-json\/wp\/v2\/types\/page"}],"author":[{"embeddable":true,"href":"https:\/\/mayavista.com\/es\/wp-json\/wp\/v2\/users\/3"}],"replies":[{"embeddable":true,"href":"https:\/\/mayavista.com\/es\/wp-json\/wp\/v2\/comments?post=1310"}],"version-history":[{"count":18,"href":"https:\/\/mayavista.com\/es\/wp-json\/wp\/v2\/pages\/1310\/revisions"}],"predecessor-version":[{"id":1396,"href":"https:\/\/mayavista.com\/es\/wp-json\/wp\/v2\/pages\/1310\/revisions\/1396"}],"wp:attachment":[{"href":"https:\/\/mayavista.com\/es\/wp-json\/wp\/v2\/media?parent=1310"}],"curies":[{"name":"wp","href":"https:\/\/api.w.org\/{rel}","templated":true}]}}