{"id":1422,"date":"2017-10-20T19:04:35","date_gmt":"2017-10-21T01:04:35","guid":{"rendered":"http:\/\/mayavista.com\/dev\/restaurant-et-bar\/"},"modified":"2021-01-27T23:17:36","modified_gmt":"2021-01-28T05:17:36","slug":"restaurant-et-bar","status":"publish","type":"page","link":"https:\/\/mayavista.com\/fr\/restaurant-et-bar\/","title":{"rendered":"Restaurant et Bar"},"content":{"rendered":"<p>[et_pb_section fb_built=\u00a0\u00bb1&Prime; admin_label=\u00a0\u00bbsection\u00a0\u00bb _builder_version=\u00a0\u00bb3.22&Prime;][et_pb_row admin_label=\u00a0\u00bbrow\u00a0\u00bb _builder_version=\u00a0\u00bb3.25&Prime; background_size=\u00a0\u00bbinitial\u00a0\u00bb background_position=\u00a0\u00bbtop_left\u00a0\u00bb background_repeat=\u00a0\u00bbrepeat\u00a0\u00bb][et_pb_column type=\u00a0\u00bb4_4&Prime; _builder_version=\u00a0\u00bb3.25&Prime; custom_padding=\u00a0\u00bb|||\u00a0\u00bb custom_padding__hover=\u00a0\u00bb|||\u00a0\u00bb][et_pb_gallery gallery_ids=\u00a0\u00bb904,916,898,892,901,907,910,889,913,919,922,925&Prime; gallery_orderby=\u00a0\u00bbrand\u00a0\u00bb show_title_and_caption=\u00a0\u00bboff\u00a0\u00bb zoom_icon_color=\u00a0\u00bb#2ea3f2&Prime; _builder_version=\u00a0\u00bb3.0.87&Prime; pagination_font_size_tablet=\u00a0\u00bb51&Prime; pagination_line_height_tablet=\u00a0\u00bb2&Prime; border_style=\u00a0\u00bbsolid\u00a0\u00bb][\/et_pb_gallery][et_pb_text _builder_version=\u00a0\u00bb4.8.1&Prime; module_alignment=\u00a0\u00bbleft\u00a0\u00bb hover_enabled=\u00a0\u00bb0&Prime; sticky_enabled=\u00a0\u00bb0&Prime;]<\/p>\n<h1>Restaurant et Bar<\/h1>\n<p><img loading=\"lazy\" decoding=\"async\" class=\"alignright wp-image-968\" src=\"https:\/\/mayavista.com\/dev\/wp-content\/uploads\/2016\/12\/restaurant.jpg\" alt=\"\" width=\"480\" height=\"320\" srcset=\"https:\/\/mayavista.com\/wp-content\/uploads\/2016\/12\/restaurant.jpg 720w, https:\/\/mayavista.com\/wp-content\/uploads\/2016\/12\/restaurant-300x200.jpg 300w\" sizes=\"(max-width: 480px) 100vw, 480px\" \/>Notre <strong>restaurant<\/strong> pont ouvert a une vue fantastique sur l&rsquo;oc\u00e9an et la pittoresque <strong>Baie de Tela<\/strong> et une atmosph\u00e8re d\u00e9tendue agr\u00e9able.<\/p>\n<p>Au coucher du soleil, au lever du soleil et la nuit, notre tour panoramique offre une vue \u00e0 360 degr\u00e9s sur les environs et est un endroit sp\u00e9cial pour se d\u00e9tendre avec une boisson fra\u00eeche pour regarder les couleurs tropicales des Cara\u00efbes changer avec le soleil ou observer les nombreuses les \u00e9toiles qui \u00e9clairent le ciel la nuit.<\/p>\n<p>Nous offrons une vari\u00e9t\u00e9 de <strong>plats d\u00e9licieux<\/strong> avec une touche canadienne et hondurienne avec des fruits de mer et des p\u00e2tes \u00e9tant une sp\u00e9cialit\u00e9, une bonne s\u00e9lection de vins et un service de bar avec une large gamme de boissons fra\u00eeches fra\u00eeches et de <strong>cocktails tropicaux<\/strong>.<\/p>\n<p>Le restaurant Maya Vista est ouvert tous les jours de 7h00 \u00e0 21h00. pour les repas, le service de bar reste ouvert plus tard le week-end et les jours f\u00e9ri\u00e9s.<\/p>\n<p>Il est disponible pour des groupes allant jusqu&rsquo;\u00e0 40 personnes. Nous pouvons \u00e9galement organiser des concerts locaux et des soir\u00e9es \u00e0 th\u00e8me sp\u00e9ciales sur demande.<\/p>\n<p>Nous offrons le <strong>petit d\u00e9jeuner<\/strong> \u00e0 partir de <strong>$4.00<\/strong> et le <strong>d\u00e9jeuner<\/strong> ou le <strong>d\u00eener<\/strong> \u00e0 partir de <strong>$8.00<\/strong>. Aussi nous avons des forfaits d&rsquo;h\u00e9bergement et de repas contactez-nous pour plus d&rsquo;informations. Argent local, USD et principales cartes de cr\u00e9dit accept\u00e9es.<\/p>\n<p>Cela rend le <strong>Restaurant Maya Vista<\/strong> l&rsquo;un des meilleurs endroits \u00e0 Tela pour profiter d&rsquo;un repas satisfaisant et des boissons fra\u00eeches apr\u00e8s une journ\u00e9e d&rsquo;exploration des merveilles de Tela et de la r\u00e9gion environnante.[\/et_pb_text][\/et_pb_column][\/et_pb_row][\/et_pb_section]<\/p>\n","protected":false},"excerpt":{"rendered":"<p>Restaurant et Bar Notre restaurant pont ouvert a une vue fantastique sur l&rsquo;oc\u00e9an et la pittoresque Baie de Tela et une atmosph\u00e8re d\u00e9tendue agr\u00e9able. Au coucher du soleil, au lever du soleil et la nuit, notre tour panoramique offre une vue \u00e0 360 degr\u00e9s sur les environs et est un endroit sp\u00e9cial pour se d\u00e9tendre avec une boisson fra\u00eeche pour regarder les couleurs tropicales des Cara\u00efbes changer avec le soleil ou observer les nombreuses les \u00e9toiles qui \u00e9clairent le ciel la nuit. Nous offrons une vari\u00e9t\u00e9 de plats d\u00e9licieux avec une touche canadienne et hondurienne avec des fruits de mer et des p\u00e2tes \u00e9tant une sp\u00e9cialit\u00e9, une bonne s\u00e9lection de vins et un service de bar avec une large gamme de boissons fra\u00eeches fra\u00eeches et de cocktails tropicaux. Le restaurant Maya Vista est ouvert tous les jours de 7h00 \u00e0 21h00. pour les repas, le service de bar reste ouvert plus tard le week-end et les jours f\u00e9ri\u00e9s. Il est disponible pour des groupes allant jusqu&rsquo;\u00e0 40 personnes. Nous pouvons \u00e9galement organiser des concerts locaux et des soir\u00e9es \u00e0 th\u00e8me sp\u00e9ciales sur demande. Nous offrons le petit d\u00e9jeuner \u00e0 partir de $4.00 et le d\u00e9jeuner ou le d\u00eener \u00e0 partir [&hellip;]<\/p>\n","protected":false},"author":3,"featured_media":0,"parent":0,"menu_order":0,"comment_status":"closed","ping_status":"closed","template":"","meta":{"_et_pb_use_builder":"on","_et_pb_old_content":"<p>ur Restaurant has an <strong>ocean view<\/strong> which over looks pictureques <strong>Tela Bay <\/strong>and a pleasant <strong>relaxed atmosphere. <\/strong><\/p><p>While at sunset, sunrise and at night our rooftop lookout tower offers a complete 360 degree view of the surrounding area and is a special place to relax with a cool drink to watch the tropical colors of the Caribbean change with the sun or to observe the many stars that light the sky at night.<\/p><p>We offer a variety of <strong>delicious dishes <\/strong>with a Canadian and Honduran flair with seafood and pasta being a specialty<strong>.<\/strong> \u00a0Also, we have bar service with a range of <strong>fresh cool drinks <\/strong>and <strong>tropical cocktails.<\/strong><\/p><p>The Maya Vista Restaurant is available for <strong>groups from up to 40 people.<\/strong> We can also organize <strong>live local music <\/strong>and <strong>special theme nights <\/strong>on request.<\/p><p>Our Restaurant is <strong>open daily<\/strong> from <strong>7:00 a.m. to 9:00 p.m.<\/strong> for meals while bar service remains open later on weekends and public holidays.<\/p><p><span class=\"style54\">We offer <strong>breakfast <\/strong>from <strong class=\"style53\">$4<\/strong> and <strong>lunch<\/strong> <strong>or dinner<\/strong> from <span class=\"style27 style52 \"><span class=\"style52\"><strong>$8<\/strong><\/span><\/span><strong>.<\/strong><\/span> \u00a0Also we have accommodation and meal<strong> packages <\/strong><a href=\"http:\/\/www.mayavista.com\/htmls\/english\/contactus.html\" target=\"window\"><strong>contact us<\/strong><\/a> for <strong>more information<\/strong>. \u00a0Major<strong> credit cards<\/strong> and <strong>traveler's checks <\/strong>are <strong>accepted<\/strong>.<\/p><p>This makes the <strong>Maya Vista Restaurant<\/strong> one of the <strong>best places in Tela<\/strong> to enjoy a satisfying meal and some cool drinks after a day of exploring the <strong>wonders of Tela and the surrounding area.<\/strong><\/p>","_et_gb_content_width":"","footnotes":""},"class_list":["post-1422","page","type-page","status-publish","hentry"],"yoast_head":"<!-- This site is optimized with the Yoast SEO plugin v27.2 - https:\/\/yoast.com\/product\/yoast-seo-wordpress\/ -->\n<title>Restaurant et Bar &#8226; Hotel Maya Vista<\/title>\n<meta name=\"robots\" content=\"index, follow, max-snippet:-1, max-image-preview:large, max-video-preview:-1\" \/>\n<link rel=\"canonical\" href=\"https:\/\/mayavista.com\/fr\/restaurant-et-bar\/\" \/>\n<meta property=\"og:locale\" content=\"fr_FR\" \/>\n<meta property=\"og:type\" content=\"article\" \/>\n<meta property=\"og:title\" content=\"Restaurant et Bar &#8226; Hotel Maya Vista\" \/>\n<meta property=\"og:description\" content=\"Restaurant et Bar Notre restaurant pont ouvert a une vue fantastique sur l&#039;oc\u00e9an et la pittoresque Baie de Tela et une atmosph\u00e8re d\u00e9tendue agr\u00e9able. Au coucher du soleil, au lever du soleil et la nuit, notre tour panoramique offre une vue \u00e0 360 degr\u00e9s sur les environs et est un endroit sp\u00e9cial pour se d\u00e9tendre avec une boisson fra\u00eeche pour regarder les couleurs tropicales des Cara\u00efbes changer avec le soleil ou observer les nombreuses les \u00e9toiles qui \u00e9clairent le ciel la nuit. Nous offrons une vari\u00e9t\u00e9 de plats d\u00e9licieux avec une touche canadienne et hondurienne avec des fruits de mer et des p\u00e2tes \u00e9tant une sp\u00e9cialit\u00e9, une bonne s\u00e9lection de vins et un service de bar avec une large gamme de boissons fra\u00eeches fra\u00eeches et de cocktails tropicaux. Le restaurant Maya Vista est ouvert tous les jours de 7h00 \u00e0 21h00. pour les repas, le service de bar reste ouvert plus tard le week-end et les jours f\u00e9ri\u00e9s. Il est disponible pour des groupes allant jusqu&#039;\u00e0 40 personnes. Nous pouvons \u00e9galement organiser des concerts locaux et des soir\u00e9es \u00e0 th\u00e8me sp\u00e9ciales sur demande. Nous offrons le petit d\u00e9jeuner \u00e0 partir de $4.00 et le d\u00e9jeuner ou le d\u00eener \u00e0 partir [&hellip;]\" \/>\n<meta property=\"og:url\" content=\"https:\/\/mayavista.com\/fr\/restaurant-et-bar\/\" \/>\n<meta property=\"og:site_name\" content=\"Hotel Maya Vista\" \/>\n<meta property=\"article:publisher\" content=\"https:\/\/www.facebook.com\/Maya-Vista-Hotel-Tela-Honduras-284974334864531\" \/>\n<meta property=\"article:modified_time\" content=\"2021-01-28T05:17:36+00:00\" \/>\n<meta property=\"og:image\" content=\"https:\/\/mayavista.com\/dev\/wp-content\/uploads\/2016\/12\/restaurant.jpg\" \/>\n<meta name=\"twitter:card\" content=\"summary_large_image\" \/>\n<meta name=\"twitter:label1\" content=\"Dur\u00e9e de lecture estim\u00e9e\" \/>\n\t<meta name=\"twitter:data1\" content=\"2 minutes\" \/>\n<script type=\"application\/ld+json\" class=\"yoast-schema-graph\">{\"@context\":\"https:\/\/schema.org\",\"@graph\":[{\"@type\":\"WebPage\",\"@id\":\"https:\/\/mayavista.com\/fr\/restaurant-et-bar\/\",\"url\":\"https:\/\/mayavista.com\/fr\/restaurant-et-bar\/\",\"name\":\"Restaurant et Bar &#8226; Hotel Maya Vista\",\"isPartOf\":{\"@id\":\"https:\/\/mayavista.com\/fr\/#website\"},\"primaryImageOfPage\":{\"@id\":\"https:\/\/mayavista.com\/fr\/restaurant-et-bar\/#primaryimage\"},\"image\":{\"@id\":\"https:\/\/mayavista.com\/fr\/restaurant-et-bar\/#primaryimage\"},\"thumbnailUrl\":\"https:\/\/mayavista.com\/dev\/wp-content\/uploads\/2016\/12\/restaurant.jpg\",\"datePublished\":\"2017-10-21T01:04:35+00:00\",\"dateModified\":\"2021-01-28T05:17:36+00:00\",\"breadcrumb\":{\"@id\":\"https:\/\/mayavista.com\/fr\/restaurant-et-bar\/#breadcrumb\"},\"inLanguage\":\"fr-FR\",\"potentialAction\":[{\"@type\":\"ReadAction\",\"target\":[\"https:\/\/mayavista.com\/fr\/restaurant-et-bar\/\"]}]},{\"@type\":\"ImageObject\",\"inLanguage\":\"fr-FR\",\"@id\":\"https:\/\/mayavista.com\/fr\/restaurant-et-bar\/#primaryimage\",\"url\":\"https:\/\/mayavista.com\/dev\/wp-content\/uploads\/2016\/12\/restaurant.jpg\",\"contentUrl\":\"https:\/\/mayavista.com\/dev\/wp-content\/uploads\/2016\/12\/restaurant.jpg\"},{\"@type\":\"BreadcrumbList\",\"@id\":\"https:\/\/mayavista.com\/fr\/restaurant-et-bar\/#breadcrumb\",\"itemListElement\":[{\"@type\":\"ListItem\",\"position\":1,\"name\":\"Home\",\"item\":\"https:\/\/mayavista.com\/fr\/\"},{\"@type\":\"ListItem\",\"position\":2,\"name\":\"Restaurant et Bar\"}]},{\"@type\":\"WebSite\",\"@id\":\"https:\/\/mayavista.com\/fr\/#website\",\"url\":\"https:\/\/mayavista.com\/fr\/\",\"name\":\"Hotel Maya Vista\",\"description\":\"Hotel and Restaurant in Tela, Honduras\",\"publisher\":{\"@id\":\"https:\/\/mayavista.com\/fr\/#organization\"},\"potentialAction\":[{\"@type\":\"SearchAction\",\"target\":{\"@type\":\"EntryPoint\",\"urlTemplate\":\"https:\/\/mayavista.com\/fr\/?s={search_term_string}\"},\"query-input\":{\"@type\":\"PropertyValueSpecification\",\"valueRequired\":true,\"valueName\":\"search_term_string\"}}],\"inLanguage\":\"fr-FR\"},{\"@type\":\"Organization\",\"@id\":\"https:\/\/mayavista.com\/fr\/#organization\",\"name\":\"Hotel Maya Vista\",\"url\":\"https:\/\/mayavista.com\/fr\/\",\"logo\":{\"@type\":\"ImageObject\",\"inLanguage\":\"fr-FR\",\"@id\":\"https:\/\/mayavista.com\/fr\/#\/schema\/logo\/image\/\",\"url\":\"https:\/\/mayavista.com\/wp-content\/uploads\/2016\/11\/logo-mayavista.png\",\"contentUrl\":\"https:\/\/mayavista.com\/wp-content\/uploads\/2016\/11\/logo-mayavista.png\",\"width\":340,\"height\":80,\"caption\":\"Hotel Maya Vista\"},\"image\":{\"@id\":\"https:\/\/mayavista.com\/fr\/#\/schema\/logo\/image\/\"},\"sameAs\":[\"https:\/\/www.facebook.com\/Maya-Vista-Hotel-Tela-Honduras-284974334864531\"]}]}<\/script>\n<!-- \/ Yoast SEO plugin. -->","yoast_head_json":{"title":"Restaurant et Bar &#8226; Hotel Maya Vista","robots":{"index":"index","follow":"follow","max-snippet":"max-snippet:-1","max-image-preview":"max-image-preview:large","max-video-preview":"max-video-preview:-1"},"canonical":"https:\/\/mayavista.com\/fr\/restaurant-et-bar\/","og_locale":"fr_FR","og_type":"article","og_title":"Restaurant et Bar &#8226; Hotel Maya Vista","og_description":"Restaurant et Bar Notre restaurant pont ouvert a une vue fantastique sur l'oc\u00e9an et la pittoresque Baie de Tela et une atmosph\u00e8re d\u00e9tendue agr\u00e9able. Au coucher du soleil, au lever du soleil et la nuit, notre tour panoramique offre une vue \u00e0 360 degr\u00e9s sur les environs et est un endroit sp\u00e9cial pour se d\u00e9tendre avec une boisson fra\u00eeche pour regarder les couleurs tropicales des Cara\u00efbes changer avec le soleil ou observer les nombreuses les \u00e9toiles qui \u00e9clairent le ciel la nuit. Nous offrons une vari\u00e9t\u00e9 de plats d\u00e9licieux avec une touche canadienne et hondurienne avec des fruits de mer et des p\u00e2tes \u00e9tant une sp\u00e9cialit\u00e9, une bonne s\u00e9lection de vins et un service de bar avec une large gamme de boissons fra\u00eeches fra\u00eeches et de cocktails tropicaux. Le restaurant Maya Vista est ouvert tous les jours de 7h00 \u00e0 21h00. pour les repas, le service de bar reste ouvert plus tard le week-end et les jours f\u00e9ri\u00e9s. Il est disponible pour des groupes allant jusqu'\u00e0 40 personnes. Nous pouvons \u00e9galement organiser des concerts locaux et des soir\u00e9es \u00e0 th\u00e8me sp\u00e9ciales sur demande. Nous offrons le petit d\u00e9jeuner \u00e0 partir de $4.00 et le d\u00e9jeuner ou le d\u00eener \u00e0 partir [&hellip;]","og_url":"https:\/\/mayavista.com\/fr\/restaurant-et-bar\/","og_site_name":"Hotel Maya Vista","article_publisher":"https:\/\/www.facebook.com\/Maya-Vista-Hotel-Tela-Honduras-284974334864531","article_modified_time":"2021-01-28T05:17:36+00:00","og_image":[{"url":"https:\/\/mayavista.com\/dev\/wp-content\/uploads\/2016\/12\/restaurant.jpg","type":"","width":"","height":""}],"twitter_card":"summary_large_image","twitter_misc":{"Dur\u00e9e de lecture estim\u00e9e":"2 minutes"},"schema":{"@context":"https:\/\/schema.org","@graph":[{"@type":"WebPage","@id":"https:\/\/mayavista.com\/fr\/restaurant-et-bar\/","url":"https:\/\/mayavista.com\/fr\/restaurant-et-bar\/","name":"Restaurant et Bar &#8226; Hotel Maya Vista","isPartOf":{"@id":"https:\/\/mayavista.com\/fr\/#website"},"primaryImageOfPage":{"@id":"https:\/\/mayavista.com\/fr\/restaurant-et-bar\/#primaryimage"},"image":{"@id":"https:\/\/mayavista.com\/fr\/restaurant-et-bar\/#primaryimage"},"thumbnailUrl":"https:\/\/mayavista.com\/dev\/wp-content\/uploads\/2016\/12\/restaurant.jpg","datePublished":"2017-10-21T01:04:35+00:00","dateModified":"2021-01-28T05:17:36+00:00","breadcrumb":{"@id":"https:\/\/mayavista.com\/fr\/restaurant-et-bar\/#breadcrumb"},"inLanguage":"fr-FR","potentialAction":[{"@type":"ReadAction","target":["https:\/\/mayavista.com\/fr\/restaurant-et-bar\/"]}]},{"@type":"ImageObject","inLanguage":"fr-FR","@id":"https:\/\/mayavista.com\/fr\/restaurant-et-bar\/#primaryimage","url":"https:\/\/mayavista.com\/dev\/wp-content\/uploads\/2016\/12\/restaurant.jpg","contentUrl":"https:\/\/mayavista.com\/dev\/wp-content\/uploads\/2016\/12\/restaurant.jpg"},{"@type":"BreadcrumbList","@id":"https:\/\/mayavista.com\/fr\/restaurant-et-bar\/#breadcrumb","itemListElement":[{"@type":"ListItem","position":1,"name":"Home","item":"https:\/\/mayavista.com\/fr\/"},{"@type":"ListItem","position":2,"name":"Restaurant et Bar"}]},{"@type":"WebSite","@id":"https:\/\/mayavista.com\/fr\/#website","url":"https:\/\/mayavista.com\/fr\/","name":"Hotel Maya Vista","description":"Hotel and Restaurant in Tela, Honduras","publisher":{"@id":"https:\/\/mayavista.com\/fr\/#organization"},"potentialAction":[{"@type":"SearchAction","target":{"@type":"EntryPoint","urlTemplate":"https:\/\/mayavista.com\/fr\/?s={search_term_string}"},"query-input":{"@type":"PropertyValueSpecification","valueRequired":true,"valueName":"search_term_string"}}],"inLanguage":"fr-FR"},{"@type":"Organization","@id":"https:\/\/mayavista.com\/fr\/#organization","name":"Hotel Maya Vista","url":"https:\/\/mayavista.com\/fr\/","logo":{"@type":"ImageObject","inLanguage":"fr-FR","@id":"https:\/\/mayavista.com\/fr\/#\/schema\/logo\/image\/","url":"https:\/\/mayavista.com\/wp-content\/uploads\/2016\/11\/logo-mayavista.png","contentUrl":"https:\/\/mayavista.com\/wp-content\/uploads\/2016\/11\/logo-mayavista.png","width":340,"height":80,"caption":"Hotel Maya Vista"},"image":{"@id":"https:\/\/mayavista.com\/fr\/#\/schema\/logo\/image\/"},"sameAs":["https:\/\/www.facebook.com\/Maya-Vista-Hotel-Tela-Honduras-284974334864531"]}]}},"_links":{"self":[{"href":"https:\/\/mayavista.com\/fr\/wp-json\/wp\/v2\/pages\/1422","targetHints":{"allow":["GET"]}}],"collection":[{"href":"https:\/\/mayavista.com\/fr\/wp-json\/wp\/v2\/pages"}],"about":[{"href":"https:\/\/mayavista.com\/fr\/wp-json\/wp\/v2\/types\/page"}],"author":[{"embeddable":true,"href":"https:\/\/mayavista.com\/fr\/wp-json\/wp\/v2\/users\/3"}],"replies":[{"embeddable":true,"href":"https:\/\/mayavista.com\/fr\/wp-json\/wp\/v2\/comments?post=1422"}],"version-history":[{"count":6,"href":"https:\/\/mayavista.com\/fr\/wp-json\/wp\/v2\/pages\/1422\/revisions"}],"predecessor-version":[{"id":2138,"href":"https:\/\/mayavista.com\/fr\/wp-json\/wp\/v2\/pages\/1422\/revisions\/2138"}],"wp:attachment":[{"href":"https:\/\/mayavista.com\/fr\/wp-json\/wp\/v2\/media?parent=1422"}],"curies":[{"name":"wp","href":"https:\/\/api.w.org\/{rel}","templated":true}]}}