{"id":1451,"date":"2017-10-20T20:48:05","date_gmt":"2017-10-21T02:48:05","guid":{"rendered":"http:\/\/mayavista.com\/dev\/tela-honduras\/"},"modified":"2017-11-06T14:54:39","modified_gmt":"2017-11-06T20:54:39","slug":"tela-honduras","status":"publish","type":"page","link":"https:\/\/mayavista.com\/fr\/tela-honduras\/","title":{"rendered":"Tela, Honduras"},"content":{"rendered":"<p>[et_pb_section fb_built=\u00a0\u00bb1&Prime; admin_label=\u00a0\u00bbsection\u00a0\u00bb _builder_version=\u00a0\u00bb3.0.47&Prime;][et_pb_row admin_label=\u00a0\u00bbrow\u00a0\u00bb _builder_version=\u00a0\u00bb3.0.47&Prime; background_size=\u00a0\u00bbinitial\u00a0\u00bb background_position=\u00a0\u00bbtop_left\u00a0\u00bb background_repeat=\u00a0\u00bbrepeat\u00a0\u00bb][et_pb_column type=\u00a0\u00bb4_4&Prime; _builder_version=\u00a0\u00bb3.0.47&Prime; parallax=\u00a0\u00bboff\u00a0\u00bb parallax_method=\u00a0\u00bbon\u00a0\u00bb][et_pb_gallery gallery_ids=\u00a0\u00bb995,998,1540,1024,1021,1537,1027,1543&Prime; gallery_captions=\u00a0\u00bb,,,,\u00a0\u00bb posts_number=\u00a0\u00bb4&Prime; show_title_and_caption=\u00a0\u00bboff\u00a0\u00bb box_shadow_style_image=\u00a0\u00bbpreset3&Prime; _builder_version=\u00a0\u00bb3.0.85&Prime; pagination_font_size_tablet=\u00a0\u00bb51&Prime; pagination_line_height_tablet=\u00a0\u00bb2&Prime;][\/et_pb_gallery][et_pb_text admin_label=\u00a0\u00bbTela\u00a0\u00bb _builder_version=\u00a0\u00bb3.0.85&Prime;]<\/p>\n<h2>Tela<\/h2>\n<p>La ville de <strong>Tela<\/strong> est situ\u00e9e sur la c\u00f4te Nord du <strong>Honduras<\/strong>, sur la mer des Cara\u00efbes. Une route en excellente qualit\u00e9 la relie \u00e0 San Pedro Sula \u00e0 environ 90 kilom\u00e8tres vers l\u2019Est, et \u00e0 La Ceiba, \u00e0 peu pr\u00e8s 100 kilom\u00e8tres vers l\u2019Ouest.<\/p>\n<p>La <strong>Baie de Tela<\/strong> est reconnue pour ses plages de sable blanc et sa culture Gar\u00edfuna pr\u00e9sente dans les villages voisins de Rio Tinto, Miami, Tornab\u00e9, San Juan, La Ensenada et Triunfo de la Cruz. Dans les environs, on retrouve trois des plus beaux et importants pars nationaux du Honduras : <strong>Puntal Sal<\/strong>, <strong>Punta Izopo<\/strong> et le <strong>Jardin Botanique Lancetilla<\/strong> (un des plus grands jardins botaniques du monde) et le terrain de golf de la <strong>PGA<\/strong>. L\u2019H\u00f4tel Maya Vista se fera un plaisir de vous organiser toutes ces visites.<\/p>\n<p>A l\u2019origine, Tela \u00e9tait le centre d\u2019op\u00e9rations de la compagnie Tela Railroad, propri\u00e9taire des Bananes Chiquita. Tela a toujours l\u2019\u00e2me d\u2019une ville banani\u00e8re que l\u2019on peut percevoir sur certaines de ses maisons et \u00e9difices. Aujourd\u2019hui, c\u2019est une ville carib\u00e9enne tranquille et relaxe avec beaucoup de charme et de caract\u00e8re.<\/p>\n<p>Dans un rayon de 100 kilom\u00e8tres de Tela, on retrouve La Ceiba et ses attractions touristiques telles le Parc National Pico Bonito, la rivi\u00e8re Cangrejal, Cayos Cochinos et la r\u00e9serve naturelle Cuero et Salado.; San Pedro Sula avec son mus\u00e9e d\u2019anthropologie et d\u2019histoire, ses march\u00e9s d\u2019artisans, ses h\u00f4tels et ses restaurants. Des visites d\u2019une journ\u00e9e s\u2019organisent facilement au lac de Yojoa, au site arch\u00e9ologique Los Naranjos, aux chutes de Pulhapanzak et aux ruines mayas de Cop\u00e1n. Ces courts voyages peuvent \u00eatre pr\u00e9par\u00e9s \u00e0 partir de l\u2019H\u00f4tel Maya Vista.<\/p>\n<p>[\/et_pb_text][et_pb_divider color=\u00a0\u00bb#e09900&Prime; show_divider=\u00a0\u00bbon\u00a0\u00bb divider_position=\u00a0\u00bbcenter\u00a0\u00bb height=\u00a0\u00bb20px\u00a0\u00bb _builder_version=\u00a0\u00bb3.0.82&Prime;][\/et_pb_divider][et_pb_text admin_label=\u00a0\u00bbHonduras\u00a0\u00bb _builder_version=\u00a0\u00bb3.0.82&Prime;]<\/p>\n<h2>Honduras<\/h2>\n<p>Le <strong>Honduras<\/strong> est situ\u00e9 dans le centre de l&rsquo;Am\u00e9rique centrale. Son extension territoriale couvre 112.482 carr\u00e9s Km. Il a 3 fronti\u00e8res, la liaison occidentale avec le Guatemala, le sud-ouest avec le Salvador et l&rsquo;est avec le Nicaragua. Au nord se trouve la <strong>Mer des Cara\u00efbes<\/strong> et au sud de l&rsquo;oc\u00e9an Pacifique.<\/p>\n<p>L&rsquo;espagnol est la langue officielle du Honduras. L&rsquo;anglais est parl\u00e9 dans le d\u00e9partement des <strong>Iles de la Baie<\/strong> (<strong>Utila<\/strong>, <strong>Roatan<\/strong> et <strong>Guanaja<\/strong>) et dans la plupart des r\u00e9gions touristiques du pays.<\/p>\n<p>Pour entrer au Honduras, vous avez besoin d&rsquo;un passeport valide. Les citoyens de la plupart des pays occidentaux peuvent rester 30 jours au Honduras sans visa. Les prolongations sont possibles pour un s\u00e9jour total de 90 jours.<\/p>\n<p>Le <strong>Lempira<\/strong> est la monnaie officielle du Honduras. Les principales cartes de cr\u00e9dit sont largement accept\u00e9s et les avances de fonds peuvent \u00eatre faites avec des cartes de cr\u00e9dit dans la plupart des banques.<\/p>\n<p><strong>Avianca, Continental, American<\/strong>,\u00a0<strong>United Airlines<\/strong>, et d&rsquo;autres compagnies a\u00e9riennes desservent l&rsquo;a\u00e9roport de San Pedro Sula au Honduras&#8230; Tela est \u00e0 seulement une heure de route de l\u00e0.<\/p>\n<p>[\/et_pb_text][\/et_pb_column][\/et_pb_row][\/et_pb_section]<\/p>\n","protected":false},"excerpt":{"rendered":"<p>Tela La ville de Tela est situ\u00e9e sur la c\u00f4te Nord du Honduras, sur la mer des Cara\u00efbes. Une route en excellente qualit\u00e9 la relie \u00e0 San Pedro Sula \u00e0 environ 90 kilom\u00e8tres vers l\u2019Est, et \u00e0 La Ceiba, \u00e0 peu pr\u00e8s 100 kilom\u00e8tres vers l\u2019Ouest. La Baie de Tela est reconnue pour ses plages de sable blanc et sa culture Gar\u00edfuna pr\u00e9sente dans les villages voisins de Rio Tinto, Miami, Tornab\u00e9, San Juan, La Ensenada et Triunfo de la Cruz. Dans les environs, on retrouve trois des plus beaux et importants pars nationaux du Honduras : Puntal Sal, Punta Izopo et le Jardin Botanique Lancetilla (un des plus grands jardins botaniques du monde) et le terrain de golf de la PGA. L\u2019H\u00f4tel Maya Vista se fera un plaisir de vous organiser toutes ces visites. A l\u2019origine, Tela \u00e9tait le centre d\u2019op\u00e9rations de la compagnie Tela Railroad, propri\u00e9taire des Bananes Chiquita. Tela a toujours l\u2019\u00e2me d\u2019une ville banani\u00e8re que l\u2019on peut percevoir sur certaines de ses maisons et \u00e9difices. Aujourd\u2019hui, c\u2019est une ville carib\u00e9enne tranquille et relaxe avec beaucoup de charme et de caract\u00e8re. Dans un rayon de 100 kilom\u00e8tres de Tela, on retrouve La Ceiba et ses attractions touristiques [&hellip;]<\/p>\n","protected":false},"author":3,"featured_media":0,"parent":0,"menu_order":0,"comment_status":"closed","ping_status":"closed","template":"","meta":{"_et_pb_use_builder":"on","_et_pb_old_content":"<p><strong>Bay of Tela<\/strong> is located on the <strong>North Caribbean Coast<\/strong> of Honduras 90 km. East of <strong>San Pedro Sula, <\/strong>an excellent paved highway connects Tela to it and further onto <strong>La Ceiba<\/strong> which is a little over 100 km east.<\/p><p>From the San Pedro Sula airport, <strong>Tela<\/strong> is only 1 hour away by road. If you want to reach Telag by bus, <strong>Hedman Alas<\/strong> offers direct first class bus service from <strong>Tegucigalpa, San Pedro Sula<\/strong> (city and airport)<strong>, La Ceiba <\/strong>and <strong>Copan <\/strong>(home of the famous <strong>Mayan Ruins<\/strong>).<\/p><p>Tela was originally the base of <strong>Tela Railroad Company<\/strong>, the owner of Chiquita Bananas. The town today still has the atmosphere of a <strong>banana town<\/strong> and this can be seen in some of the town's buildings. Today the town is a sleepy and <strong>relaxed Caribbean coastal town<\/strong> with a lot of charm and character.<\/p><p>The Bay of Tela is will known for is <strong>white sandy caribbean beaches<\/strong> and the <strong>Garifuna culture<\/strong> which can be seen in the nearby villages of Rio Tinto, Miami, Tornabe, San Juan, La Ensenada and Triunfo de la Cruz. \u00a0In his surround, there are three of the most important and amazing natural parks of Honduras: <strong>Punta Sal<\/strong>, <strong>Punto Izopo<\/strong> and the <strong>Lancetilla Botanical Gardens<\/strong> that is one of the largest tropical botanical gardens in the world.<\/p><p>Tela is well located close to the nearby attractions of<strong> La Ceiba<\/strong> such as <strong>Pico Bonito National Park, Rio Cangrejal, Cayos Cochinos <\/strong>and the <strong>Cuero y Salado Nature Reserve<\/strong>. <strong>San Pedro Sula<\/strong> and its <strong>history museum, handicrafts market<\/strong> and its many <strong>facilities<\/strong> are located nearby. <strong>\u00a0Lago Yojoa, Los Narajos Archaeology Park<\/strong> and <strong>Pulhapanzak waterfall <\/strong>can all be visited in a day from Tela and <strong>Copan Ruinas <\/strong>is with in visiting distance also.\u00a0 Tours could be arranged from the Maya Vista hotel.<\/p><p>\u00a0<\/p><h3>Honduras<\/h3><p><strong>Honduras<\/strong> is located in the center of Central America. Its territorial extension covers 112,482 squares Km. \u00a0It has 3 borders, the western linking with <strong>Guatemala,<\/strong> the southwest with <strong>El Salvador<\/strong> and the east with <strong>Nicaragua.<\/strong> To the North lies the <strong>Caribbean Sea<\/strong> and to the South the Pacific Ocean.<\/p><p><strong>Spanish <\/strong>is the official language of Honduras. <strong>English<\/strong> is spoken in the Bay Islands and in most tourist areas of the country.<\/p><p>To <strong>enter Honduras <\/strong>you require a <strong>valid passport. <\/strong>Citizens of most western countries can stay 30 days in Honduras without a visa. Extensions are possible to a total stay of 90 days.<\/p><p>The<strong> Lempira<\/strong> is the <strong>official currency <\/strong>of Honduras. Major <strong>credit cards <\/strong>and <strong>traveler's checks<\/strong> are widely <strong>accepted<\/strong> and <strong>cash advances<\/strong> can be made with<strong> credit cards<\/strong> at most banks.<\/p><p><strong>TACA, Continental, American, Delta,<\/strong> \u00a0all fly to San Pedro Sula in Honduras. From the San Pedro Sula airport Tela is only 1 hour away by road. If you are traveling by bus <strong>Hedman Alas<\/strong> offer <strong>direct first class bus service <\/strong>from <strong>Tegucigalpa, San Pedro Sula, La Ceiba and Copan <\/strong>home of the famous<strong> Mayan Ruins of Copan to Tela.<br \/> <\/strong><br \/> Tela is well located close to the nearby attractions of<strong> La Ceiba<\/strong> such as <strong>Pico Bonito National Park, Rio Cangrejal, Cayos Cochinos <\/strong>and the <strong>Cuero y Salado Nature Reserve<\/strong>. <strong>San Pedro Sula<\/strong> and its <strong>history museum, handicrafts market<\/strong> and its many <strong>facilities<\/strong> are located nearby. <strong>Lago Yojoa, Los Narajos Archaeology Park<\/strong> and <strong>Pulhapanzak waterfall <\/strong>can all be visited in a day from Tela and <strong>Copan Ruinas <\/strong>is with in visiting distance also. \u00a0Tours could be arranged from the Maya-Vista hotel.<\/p>","_et_gb_content_width":"","footnotes":""},"class_list":["post-1451","page","type-page","status-publish","hentry"],"yoast_head":"<!-- This site is optimized with the Yoast SEO plugin v27.2 - https:\/\/yoast.com\/product\/yoast-seo-wordpress\/ -->\n<title>Tela, Honduras &#8226; Hotel Maya Vista<\/title>\n<meta name=\"robots\" content=\"index, follow, max-snippet:-1, max-image-preview:large, max-video-preview:-1\" \/>\n<link rel=\"canonical\" href=\"https:\/\/mayavista.com\/fr\/tela-honduras\/\" \/>\n<meta property=\"og:locale\" content=\"fr_FR\" \/>\n<meta property=\"og:type\" content=\"article\" \/>\n<meta property=\"og:title\" content=\"Tela, Honduras &#8226; Hotel Maya Vista\" \/>\n<meta property=\"og:description\" content=\"Tela La ville de Tela est situ\u00e9e sur la c\u00f4te Nord du Honduras, sur la mer des Cara\u00efbes. Une route en excellente qualit\u00e9 la relie \u00e0 San Pedro Sula \u00e0 environ 90 kilom\u00e8tres vers l\u2019Est, et \u00e0 La Ceiba, \u00e0 peu pr\u00e8s 100 kilom\u00e8tres vers l\u2019Ouest. La Baie de Tela est reconnue pour ses plages de sable blanc et sa culture Gar\u00edfuna pr\u00e9sente dans les villages voisins de Rio Tinto, Miami, Tornab\u00e9, San Juan, La Ensenada et Triunfo de la Cruz. Dans les environs, on retrouve trois des plus beaux et importants pars nationaux du Honduras : Puntal Sal, Punta Izopo et le Jardin Botanique Lancetilla (un des plus grands jardins botaniques du monde) et le terrain de golf de la PGA. L\u2019H\u00f4tel Maya Vista se fera un plaisir de vous organiser toutes ces visites. A l\u2019origine, Tela \u00e9tait le centre d\u2019op\u00e9rations de la compagnie Tela Railroad, propri\u00e9taire des Bananes Chiquita. Tela a toujours l\u2019\u00e2me d\u2019une ville banani\u00e8re que l\u2019on peut percevoir sur certaines de ses maisons et \u00e9difices. Aujourd\u2019hui, c\u2019est une ville carib\u00e9enne tranquille et relaxe avec beaucoup de charme et de caract\u00e8re. Dans un rayon de 100 kilom\u00e8tres de Tela, on retrouve La Ceiba et ses attractions touristiques [&hellip;]\" \/>\n<meta property=\"og:url\" content=\"https:\/\/mayavista.com\/fr\/tela-honduras\/\" \/>\n<meta property=\"og:site_name\" content=\"Hotel Maya Vista\" \/>\n<meta property=\"article:publisher\" content=\"https:\/\/www.facebook.com\/Maya-Vista-Hotel-Tela-Honduras-284974334864531\" \/>\n<meta property=\"article:modified_time\" content=\"2017-11-06T20:54:39+00:00\" \/>\n<meta name=\"twitter:card\" content=\"summary_large_image\" \/>\n<meta name=\"twitter:label1\" content=\"Dur\u00e9e de lecture estim\u00e9e\" \/>\n\t<meta name=\"twitter:data1\" content=\"3 minutes\" \/>\n<script type=\"application\/ld+json\" class=\"yoast-schema-graph\">{\"@context\":\"https:\/\/schema.org\",\"@graph\":[{\"@type\":\"WebPage\",\"@id\":\"https:\/\/mayavista.com\/fr\/tela-honduras\/\",\"url\":\"https:\/\/mayavista.com\/fr\/tela-honduras\/\",\"name\":\"Tela, Honduras &#8226; Hotel Maya Vista\",\"isPartOf\":{\"@id\":\"https:\/\/mayavista.com\/fr\/#website\"},\"datePublished\":\"2017-10-21T02:48:05+00:00\",\"dateModified\":\"2017-11-06T20:54:39+00:00\",\"breadcrumb\":{\"@id\":\"https:\/\/mayavista.com\/fr\/tela-honduras\/#breadcrumb\"},\"inLanguage\":\"fr-FR\",\"potentialAction\":[{\"@type\":\"ReadAction\",\"target\":[\"https:\/\/mayavista.com\/fr\/tela-honduras\/\"]}]},{\"@type\":\"BreadcrumbList\",\"@id\":\"https:\/\/mayavista.com\/fr\/tela-honduras\/#breadcrumb\",\"itemListElement\":[{\"@type\":\"ListItem\",\"position\":1,\"name\":\"Home\",\"item\":\"https:\/\/mayavista.com\/fr\/\"},{\"@type\":\"ListItem\",\"position\":2,\"name\":\"Tela, Honduras\"}]},{\"@type\":\"WebSite\",\"@id\":\"https:\/\/mayavista.com\/fr\/#website\",\"url\":\"https:\/\/mayavista.com\/fr\/\",\"name\":\"Hotel Maya Vista\",\"description\":\"Hotel and Restaurant in Tela, Honduras\",\"publisher\":{\"@id\":\"https:\/\/mayavista.com\/fr\/#organization\"},\"potentialAction\":[{\"@type\":\"SearchAction\",\"target\":{\"@type\":\"EntryPoint\",\"urlTemplate\":\"https:\/\/mayavista.com\/fr\/?s={search_term_string}\"},\"query-input\":{\"@type\":\"PropertyValueSpecification\",\"valueRequired\":true,\"valueName\":\"search_term_string\"}}],\"inLanguage\":\"fr-FR\"},{\"@type\":\"Organization\",\"@id\":\"https:\/\/mayavista.com\/fr\/#organization\",\"name\":\"Hotel Maya Vista\",\"url\":\"https:\/\/mayavista.com\/fr\/\",\"logo\":{\"@type\":\"ImageObject\",\"inLanguage\":\"fr-FR\",\"@id\":\"https:\/\/mayavista.com\/fr\/#\/schema\/logo\/image\/\",\"url\":\"https:\/\/mayavista.com\/wp-content\/uploads\/2016\/11\/logo-mayavista.png\",\"contentUrl\":\"https:\/\/mayavista.com\/wp-content\/uploads\/2016\/11\/logo-mayavista.png\",\"width\":340,\"height\":80,\"caption\":\"Hotel Maya Vista\"},\"image\":{\"@id\":\"https:\/\/mayavista.com\/fr\/#\/schema\/logo\/image\/\"},\"sameAs\":[\"https:\/\/www.facebook.com\/Maya-Vista-Hotel-Tela-Honduras-284974334864531\"]}]}<\/script>\n<!-- \/ Yoast SEO plugin. -->","yoast_head_json":{"title":"Tela, Honduras &#8226; Hotel Maya Vista","robots":{"index":"index","follow":"follow","max-snippet":"max-snippet:-1","max-image-preview":"max-image-preview:large","max-video-preview":"max-video-preview:-1"},"canonical":"https:\/\/mayavista.com\/fr\/tela-honduras\/","og_locale":"fr_FR","og_type":"article","og_title":"Tela, Honduras &#8226; Hotel Maya Vista","og_description":"Tela La ville de Tela est situ\u00e9e sur la c\u00f4te Nord du Honduras, sur la mer des Cara\u00efbes. Une route en excellente qualit\u00e9 la relie \u00e0 San Pedro Sula \u00e0 environ 90 kilom\u00e8tres vers l\u2019Est, et \u00e0 La Ceiba, \u00e0 peu pr\u00e8s 100 kilom\u00e8tres vers l\u2019Ouest. La Baie de Tela est reconnue pour ses plages de sable blanc et sa culture Gar\u00edfuna pr\u00e9sente dans les villages voisins de Rio Tinto, Miami, Tornab\u00e9, San Juan, La Ensenada et Triunfo de la Cruz. Dans les environs, on retrouve trois des plus beaux et importants pars nationaux du Honduras : Puntal Sal, Punta Izopo et le Jardin Botanique Lancetilla (un des plus grands jardins botaniques du monde) et le terrain de golf de la PGA. L\u2019H\u00f4tel Maya Vista se fera un plaisir de vous organiser toutes ces visites. A l\u2019origine, Tela \u00e9tait le centre d\u2019op\u00e9rations de la compagnie Tela Railroad, propri\u00e9taire des Bananes Chiquita. Tela a toujours l\u2019\u00e2me d\u2019une ville banani\u00e8re que l\u2019on peut percevoir sur certaines de ses maisons et \u00e9difices. Aujourd\u2019hui, c\u2019est une ville carib\u00e9enne tranquille et relaxe avec beaucoup de charme et de caract\u00e8re. Dans un rayon de 100 kilom\u00e8tres de Tela, on retrouve La Ceiba et ses attractions touristiques [&hellip;]","og_url":"https:\/\/mayavista.com\/fr\/tela-honduras\/","og_site_name":"Hotel Maya Vista","article_publisher":"https:\/\/www.facebook.com\/Maya-Vista-Hotel-Tela-Honduras-284974334864531","article_modified_time":"2017-11-06T20:54:39+00:00","twitter_card":"summary_large_image","twitter_misc":{"Dur\u00e9e de lecture estim\u00e9e":"3 minutes"},"schema":{"@context":"https:\/\/schema.org","@graph":[{"@type":"WebPage","@id":"https:\/\/mayavista.com\/fr\/tela-honduras\/","url":"https:\/\/mayavista.com\/fr\/tela-honduras\/","name":"Tela, Honduras &#8226; Hotel Maya Vista","isPartOf":{"@id":"https:\/\/mayavista.com\/fr\/#website"},"datePublished":"2017-10-21T02:48:05+00:00","dateModified":"2017-11-06T20:54:39+00:00","breadcrumb":{"@id":"https:\/\/mayavista.com\/fr\/tela-honduras\/#breadcrumb"},"inLanguage":"fr-FR","potentialAction":[{"@type":"ReadAction","target":["https:\/\/mayavista.com\/fr\/tela-honduras\/"]}]},{"@type":"BreadcrumbList","@id":"https:\/\/mayavista.com\/fr\/tela-honduras\/#breadcrumb","itemListElement":[{"@type":"ListItem","position":1,"name":"Home","item":"https:\/\/mayavista.com\/fr\/"},{"@type":"ListItem","position":2,"name":"Tela, Honduras"}]},{"@type":"WebSite","@id":"https:\/\/mayavista.com\/fr\/#website","url":"https:\/\/mayavista.com\/fr\/","name":"Hotel Maya Vista","description":"Hotel and Restaurant in Tela, Honduras","publisher":{"@id":"https:\/\/mayavista.com\/fr\/#organization"},"potentialAction":[{"@type":"SearchAction","target":{"@type":"EntryPoint","urlTemplate":"https:\/\/mayavista.com\/fr\/?s={search_term_string}"},"query-input":{"@type":"PropertyValueSpecification","valueRequired":true,"valueName":"search_term_string"}}],"inLanguage":"fr-FR"},{"@type":"Organization","@id":"https:\/\/mayavista.com\/fr\/#organization","name":"Hotel Maya Vista","url":"https:\/\/mayavista.com\/fr\/","logo":{"@type":"ImageObject","inLanguage":"fr-FR","@id":"https:\/\/mayavista.com\/fr\/#\/schema\/logo\/image\/","url":"https:\/\/mayavista.com\/wp-content\/uploads\/2016\/11\/logo-mayavista.png","contentUrl":"https:\/\/mayavista.com\/wp-content\/uploads\/2016\/11\/logo-mayavista.png","width":340,"height":80,"caption":"Hotel Maya Vista"},"image":{"@id":"https:\/\/mayavista.com\/fr\/#\/schema\/logo\/image\/"},"sameAs":["https:\/\/www.facebook.com\/Maya-Vista-Hotel-Tela-Honduras-284974334864531"]}]}},"_links":{"self":[{"href":"https:\/\/mayavista.com\/fr\/wp-json\/wp\/v2\/pages\/1451","targetHints":{"allow":["GET"]}}],"collection":[{"href":"https:\/\/mayavista.com\/fr\/wp-json\/wp\/v2\/pages"}],"about":[{"href":"https:\/\/mayavista.com\/fr\/wp-json\/wp\/v2\/types\/page"}],"author":[{"embeddable":true,"href":"https:\/\/mayavista.com\/fr\/wp-json\/wp\/v2\/users\/3"}],"replies":[{"embeddable":true,"href":"https:\/\/mayavista.com\/fr\/wp-json\/wp\/v2\/comments?post=1451"}],"version-history":[{"count":10,"href":"https:\/\/mayavista.com\/fr\/wp-json\/wp\/v2\/pages\/1451\/revisions"}],"predecessor-version":[{"id":1585,"href":"https:\/\/mayavista.com\/fr\/wp-json\/wp\/v2\/pages\/1451\/revisions\/1585"}],"wp:attachment":[{"href":"https:\/\/mayavista.com\/fr\/wp-json\/wp\/v2\/media?parent=1451"}],"curies":[{"name":"wp","href":"https:\/\/api.w.org\/{rel}","templated":true}]}}