{"id":1463,"date":"2017-10-20T21:08:35","date_gmt":"2017-10-21T03:08:35","guid":{"rendered":"http:\/\/mayavista.com\/dev\/temoignages\/"},"modified":"2017-10-20T21:08:36","modified_gmt":"2017-10-21T03:08:36","slug":"temoignages","status":"publish","type":"page","link":"https:\/\/mayavista.com\/fr\/temoignages\/","title":{"rendered":"T\u00e9moignages"},"content":{"rendered":"<p>[et_pb_section fb_built=\u00a0\u00bb1&Prime; admin_label=\u00a0\u00bbsection\u00a0\u00bb _builder_version=\u00a0\u00bb3.0.47&Prime;][et_pb_row admin_label=\u00a0\u00bbrow\u00a0\u00bb _builder_version=\u00a0\u00bb3.0.47&Prime; background_size=\u00a0\u00bbinitial\u00a0\u00bb background_position=\u00a0\u00bbtop_left\u00a0\u00bb background_repeat=\u00a0\u00bbrepeat\u00a0\u00bb _i=\u00a0\u00bb0&Prime; _address=\u00a0\u00bb0.0&Prime;][et_pb_column type=\u00a0\u00bb4_4&Prime; _builder_version=\u00a0\u00bb3.0.47&Prime; parallax=\u00a0\u00bboff\u00a0\u00bb parallax_method=\u00a0\u00bbon\u00a0\u00bb][et_pb_testimonial portrait_url=\u00a0\u00bbhttp:\/\/mayavista.com\/dev\/wp-content\/uploads\/2016\/12\/tripadvisor.png\u00a0\u00bb background_layout=\u00a0\u00bblight\u00a0\u00bb _builder_version=\u00a0\u00bb3.0.82&Prime; box_shadow_style=\u00a0\u00bbpreset6&Prime;]<\/p>\n<p>Mon mari et moi avons r\u00e9cemment pass\u00e9 2 nuits au Maya Vista, \u00e0 Tela. C&rsquo;est un h\u00f4tel tr\u00e8s unique, et les chambres et la salle \u00e0 manger ont une vue fantastique sur la mer des Cara\u00efbes. En fait, nous pourrions nous allonger dans le lit et regarder par nos portes vitr\u00e9es \u00e0 l&rsquo;oc\u00e9an! La nourriture est \u00e9galement excellente, mais plut\u00f4t cher. Le personnel \u00e9tait tr\u00e8s utile. Je recommande de rester ici.<\/p>\n<p>[\/et_pb_testimonial][et_pb_testimonial portrait_url=\u00a0\u00bbhttp:\/\/mayavista.com\/dev\/wp-content\/uploads\/2016\/12\/booking.jpg\u00a0\u00bb background_layout=\u00a0\u00bblight\u00a0\u00bb _builder_version=\u00a0\u00bb3.0.82&Prime; box_shadow_style=\u00a0\u00bbpreset6&Prime;]<\/p>\n<p>L&rsquo;h\u00f4tel se trouve au sommet d&rsquo;une petite colline et a sans doute la meilleure vue sur Tela Bay. Le personnel est super sympa et le propri\u00e9taire, qui est canadien, aime beaucoup le Honduras.<\/p>\n<p>[\/et_pb_testimonial][et_pb_testimonial portrait_url=\u00a0\u00bbhttp:\/\/mayavista.com\/dev\/wp-content\/uploads\/2016\/12\/tripadvisor.png\u00a0\u00bb background_layout=\u00a0\u00bblight\u00a0\u00bb _builder_version=\u00a0\u00bb3.0.82&Prime; box_shadow_style=\u00a0\u00bbpreset6&Prime;]<\/p>\n<p>My husband and I recently spent 2 nights at the Maya Vista, in Tela. It is a very unique hotel, and the rooms and dining room have a fantastic view of the Caribbean Sea. In fact, we could lie in bed and look through our glass doors at the ocean! The food is also great, though rather expensive. The staff were very helpful. I&rsquo;d recommend staying here.<\/p>\n<p>[\/et_pb_testimonial][et_pb_testimonial portrait_url=\u00a0\u00bbhttp:\/\/mayavista.com\/dev\/wp-content\/uploads\/2016\/12\/booking.jpg\u00a0\u00bb background_layout=\u00a0\u00bblight\u00a0\u00bb _builder_version=\u00a0\u00bb3.0.82&Prime; box_shadow_style=\u00a0\u00bbpreset6&Prime;]<\/p>\n<p>La chambre \u00e9tait tr\u00e8s confortable et spacieuse. La piscine \u00e9tait g\u00e9niale et la vue \u00e9tait incroyable !!! Toute la nourriture \u00e9tait fantastique. Du grand d\u00eener de ribeye et crevettes apr\u00e8s l&rsquo;arriv\u00e9e, au pain grill\u00e9 le premier matin, l&rsquo;omelette le lendemain matin, au dernier repas avant notre retour \u00e0 la maison \u00e9tait un bon d\u00e9jeuner d&rsquo;un sandwich au hamburger et au poulet. Nous n&rsquo;avons pas pu demander un meilleur endroit pour profiter de nos mini-vacances. <strong>Jeremy<\/strong><\/p>\n<p>[\/et_pb_testimonial][et_pb_testimonial portrait_url=\u00a0\u00bbhttp:\/\/mayavista.com\/dev\/wp-content\/uploads\/2016\/12\/booking.jpg\u00a0\u00bb background_layout=\u00a0\u00bblight\u00a0\u00bb _builder_version=\u00a0\u00bb3.0.82&Prime; box_shadow_style=\u00a0\u00bbpreset6&Prime;]<\/p>\n<p>Nous avons s\u00e9journ\u00e9 ici pendant 2 nuits en visitant notre fille qui travaille \u00e0 l&rsquo;\u00e9cole bilingue locale pendant un an. Le personnel est tr\u00e8s serviable, la chambre est impeccable, le petit d\u00e9jeuner est excellent. Situ\u00e9 juste \u00e0 l&rsquo;ext\u00e9rieur du centre principal avec de superbes vues sur le toit. Je reviendrais ici. Ils nous ont laiss\u00e9 utiliser le lit d&rsquo;appoint pour notre fille car nous sommes arriv\u00e9s en retard et l&rsquo;a sauv\u00e9e de retourner l\u00e0 o\u00f9 elle vit. Ils nous ont laiss\u00e9 utiliser le lit gratuitement et lui ont m\u00eame donn\u00e9 un petit d\u00e9jeuner gratuit le lendemain matin. <strong>Darren<\/strong><\/p>\n<p>[\/et_pb_testimonial][\/et_pb_column][\/et_pb_row][\/et_pb_section]<\/p>\n","protected":false},"excerpt":{"rendered":"<p>Mon mari et moi avons r\u00e9cemment pass\u00e9 2 nuits au Maya Vista, \u00e0 Tela. C&rsquo;est un h\u00f4tel tr\u00e8s unique, et les chambres et la salle \u00e0 manger ont une vue fantastique sur la mer des Cara\u00efbes. En fait, nous pourrions nous allonger dans le lit et regarder par nos portes vitr\u00e9es \u00e0 l&rsquo;oc\u00e9an! La nourriture est \u00e9galement excellente, mais plut\u00f4t cher. Le personnel \u00e9tait tr\u00e8s utile. Je recommande de rester ici. L&rsquo;h\u00f4tel se trouve au sommet d&rsquo;une petite colline et a sans doute la meilleure vue sur Tela Bay. Le personnel est super sympa et le propri\u00e9taire, qui est canadien, aime beaucoup le Honduras. My husband and I recently spent 2 nights at the Maya Vista, in Tela. It is a very unique hotel, and the rooms and dining room have a fantastic view of the Caribbean Sea. In fact, we could lie in bed and look through our glass doors at the ocean! The food is also great, though rather expensive. The staff were very helpful. I&rsquo;d recommend staying here. La chambre \u00e9tait tr\u00e8s confortable et spacieuse. La piscine \u00e9tait g\u00e9niale et la vue \u00e9tait incroyable !!! Toute la nourriture \u00e9tait fantastique. Du grand d\u00eener de ribeye et crevettes [&hellip;]<\/p>\n","protected":false},"author":3,"featured_media":0,"parent":0,"menu_order":0,"comment_status":"closed","ping_status":"closed","template":"","meta":{"_et_pb_use_builder":"on","_et_pb_old_content":"<p>The Hotel Maya Vista is an ideal place for vacationers seeking a relaxing time in an original setting. Its open-air architectural design creates a special place and environment to spend time while visiting the tropical wonders Tela and Honduras.<\/p><p>Its hotel's peaceful rooms offer ocean views of the sandy caribbean coast while the restaurant serves meals with a canadian and honduran flair. Stairs zigzag to patios, to our restaurant and to our rooms. No rooms are on the same floor, which provides you with a unique intimacy and privacy.<\/p><p>Our ocean view terraces receive a cooling sea breeze and offer an exceptional view of Tela Bay and its sandy caribbean beaches. One of its balconies has hammocks where you can relax and enjoy our tropical cocktails.<\/p><p>We also offer private parking, wifi, massage room and laundry service. English, Spanish and French are spoken.<\/p><p>Your hosts, Suzanne and Pierre offer a personalized service that will make your stay and enjoyable and memorable one.<\/p><p>We can also provide you Spanish Classes + room and meals package on request.<\/p>","_et_gb_content_width":"","footnotes":""},"class_list":["post-1463","page","type-page","status-publish","hentry"],"yoast_head":"<!-- This site is optimized with the Yoast SEO plugin v27.2 - https:\/\/yoast.com\/product\/yoast-seo-wordpress\/ -->\n<title>T\u00e9moignages &#8226; Hotel Maya Vista<\/title>\n<meta name=\"robots\" content=\"index, follow, max-snippet:-1, max-image-preview:large, max-video-preview:-1\" \/>\n<link rel=\"canonical\" href=\"https:\/\/mayavista.com\/fr\/temoignages\/\" \/>\n<meta property=\"og:locale\" content=\"fr_FR\" \/>\n<meta property=\"og:type\" content=\"article\" \/>\n<meta property=\"og:title\" content=\"T\u00e9moignages &#8226; Hotel Maya Vista\" \/>\n<meta property=\"og:description\" content=\"Mon mari et moi avons r\u00e9cemment pass\u00e9 2 nuits au Maya Vista, \u00e0 Tela. C&#039;est un h\u00f4tel tr\u00e8s unique, et les chambres et la salle \u00e0 manger ont une vue fantastique sur la mer des Cara\u00efbes. En fait, nous pourrions nous allonger dans le lit et regarder par nos portes vitr\u00e9es \u00e0 l&#039;oc\u00e9an! La nourriture est \u00e9galement excellente, mais plut\u00f4t cher. Le personnel \u00e9tait tr\u00e8s utile. Je recommande de rester ici. L&#039;h\u00f4tel se trouve au sommet d&#039;une petite colline et a sans doute la meilleure vue sur Tela Bay. Le personnel est super sympa et le propri\u00e9taire, qui est canadien, aime beaucoup le Honduras. My husband and I recently spent 2 nights at the Maya Vista, in Tela. It is a very unique hotel, and the rooms and dining room have a fantastic view of the Caribbean Sea. In fact, we could lie in bed and look through our glass doors at the ocean! The food is also great, though rather expensive. The staff were very helpful. I&#039;d recommend staying here. La chambre \u00e9tait tr\u00e8s confortable et spacieuse. La piscine \u00e9tait g\u00e9niale et la vue \u00e9tait incroyable !!! Toute la nourriture \u00e9tait fantastique. Du grand d\u00eener de ribeye et crevettes [&hellip;]\" \/>\n<meta property=\"og:url\" content=\"https:\/\/mayavista.com\/fr\/temoignages\/\" \/>\n<meta property=\"og:site_name\" content=\"Hotel Maya Vista\" \/>\n<meta property=\"article:publisher\" content=\"https:\/\/www.facebook.com\/Maya-Vista-Hotel-Tela-Honduras-284974334864531\" \/>\n<meta property=\"article:modified_time\" content=\"2017-10-21T03:08:36+00:00\" \/>\n<meta name=\"twitter:card\" content=\"summary_large_image\" \/>\n<meta name=\"twitter:label1\" content=\"Dur\u00e9e de lecture estim\u00e9e\" \/>\n\t<meta name=\"twitter:data1\" content=\"3 minutes\" \/>\n<script type=\"application\/ld+json\" class=\"yoast-schema-graph\">{\"@context\":\"https:\/\/schema.org\",\"@graph\":[{\"@type\":\"WebPage\",\"@id\":\"https:\/\/mayavista.com\/fr\/temoignages\/\",\"url\":\"https:\/\/mayavista.com\/fr\/temoignages\/\",\"name\":\"T\u00e9moignages &#8226; Hotel Maya Vista\",\"isPartOf\":{\"@id\":\"https:\/\/mayavista.com\/fr\/#website\"},\"datePublished\":\"2017-10-21T03:08:35+00:00\",\"dateModified\":\"2017-10-21T03:08:36+00:00\",\"breadcrumb\":{\"@id\":\"https:\/\/mayavista.com\/fr\/temoignages\/#breadcrumb\"},\"inLanguage\":\"fr-FR\",\"potentialAction\":[{\"@type\":\"ReadAction\",\"target\":[\"https:\/\/mayavista.com\/fr\/temoignages\/\"]}]},{\"@type\":\"BreadcrumbList\",\"@id\":\"https:\/\/mayavista.com\/fr\/temoignages\/#breadcrumb\",\"itemListElement\":[{\"@type\":\"ListItem\",\"position\":1,\"name\":\"Home\",\"item\":\"https:\/\/mayavista.com\/fr\/\"},{\"@type\":\"ListItem\",\"position\":2,\"name\":\"T\u00e9moignages\"}]},{\"@type\":\"WebSite\",\"@id\":\"https:\/\/mayavista.com\/fr\/#website\",\"url\":\"https:\/\/mayavista.com\/fr\/\",\"name\":\"Hotel Maya Vista\",\"description\":\"Hotel and Restaurant in Tela, Honduras\",\"publisher\":{\"@id\":\"https:\/\/mayavista.com\/fr\/#organization\"},\"potentialAction\":[{\"@type\":\"SearchAction\",\"target\":{\"@type\":\"EntryPoint\",\"urlTemplate\":\"https:\/\/mayavista.com\/fr\/?s={search_term_string}\"},\"query-input\":{\"@type\":\"PropertyValueSpecification\",\"valueRequired\":true,\"valueName\":\"search_term_string\"}}],\"inLanguage\":\"fr-FR\"},{\"@type\":\"Organization\",\"@id\":\"https:\/\/mayavista.com\/fr\/#organization\",\"name\":\"Hotel Maya Vista\",\"url\":\"https:\/\/mayavista.com\/fr\/\",\"logo\":{\"@type\":\"ImageObject\",\"inLanguage\":\"fr-FR\",\"@id\":\"https:\/\/mayavista.com\/fr\/#\/schema\/logo\/image\/\",\"url\":\"https:\/\/mayavista.com\/wp-content\/uploads\/2016\/11\/logo-mayavista.png\",\"contentUrl\":\"https:\/\/mayavista.com\/wp-content\/uploads\/2016\/11\/logo-mayavista.png\",\"width\":340,\"height\":80,\"caption\":\"Hotel Maya Vista\"},\"image\":{\"@id\":\"https:\/\/mayavista.com\/fr\/#\/schema\/logo\/image\/\"},\"sameAs\":[\"https:\/\/www.facebook.com\/Maya-Vista-Hotel-Tela-Honduras-284974334864531\"]}]}<\/script>\n<!-- \/ Yoast SEO plugin. -->","yoast_head_json":{"title":"T\u00e9moignages &#8226; Hotel Maya Vista","robots":{"index":"index","follow":"follow","max-snippet":"max-snippet:-1","max-image-preview":"max-image-preview:large","max-video-preview":"max-video-preview:-1"},"canonical":"https:\/\/mayavista.com\/fr\/temoignages\/","og_locale":"fr_FR","og_type":"article","og_title":"T\u00e9moignages &#8226; Hotel Maya Vista","og_description":"Mon mari et moi avons r\u00e9cemment pass\u00e9 2 nuits au Maya Vista, \u00e0 Tela. C'est un h\u00f4tel tr\u00e8s unique, et les chambres et la salle \u00e0 manger ont une vue fantastique sur la mer des Cara\u00efbes. En fait, nous pourrions nous allonger dans le lit et regarder par nos portes vitr\u00e9es \u00e0 l'oc\u00e9an! La nourriture est \u00e9galement excellente, mais plut\u00f4t cher. Le personnel \u00e9tait tr\u00e8s utile. Je recommande de rester ici. L'h\u00f4tel se trouve au sommet d'une petite colline et a sans doute la meilleure vue sur Tela Bay. Le personnel est super sympa et le propri\u00e9taire, qui est canadien, aime beaucoup le Honduras. My husband and I recently spent 2 nights at the Maya Vista, in Tela. It is a very unique hotel, and the rooms and dining room have a fantastic view of the Caribbean Sea. In fact, we could lie in bed and look through our glass doors at the ocean! The food is also great, though rather expensive. The staff were very helpful. I'd recommend staying here. La chambre \u00e9tait tr\u00e8s confortable et spacieuse. La piscine \u00e9tait g\u00e9niale et la vue \u00e9tait incroyable !!! Toute la nourriture \u00e9tait fantastique. Du grand d\u00eener de ribeye et crevettes [&hellip;]","og_url":"https:\/\/mayavista.com\/fr\/temoignages\/","og_site_name":"Hotel Maya Vista","article_publisher":"https:\/\/www.facebook.com\/Maya-Vista-Hotel-Tela-Honduras-284974334864531","article_modified_time":"2017-10-21T03:08:36+00:00","twitter_card":"summary_large_image","twitter_misc":{"Dur\u00e9e de lecture estim\u00e9e":"3 minutes"},"schema":{"@context":"https:\/\/schema.org","@graph":[{"@type":"WebPage","@id":"https:\/\/mayavista.com\/fr\/temoignages\/","url":"https:\/\/mayavista.com\/fr\/temoignages\/","name":"T\u00e9moignages &#8226; Hotel Maya Vista","isPartOf":{"@id":"https:\/\/mayavista.com\/fr\/#website"},"datePublished":"2017-10-21T03:08:35+00:00","dateModified":"2017-10-21T03:08:36+00:00","breadcrumb":{"@id":"https:\/\/mayavista.com\/fr\/temoignages\/#breadcrumb"},"inLanguage":"fr-FR","potentialAction":[{"@type":"ReadAction","target":["https:\/\/mayavista.com\/fr\/temoignages\/"]}]},{"@type":"BreadcrumbList","@id":"https:\/\/mayavista.com\/fr\/temoignages\/#breadcrumb","itemListElement":[{"@type":"ListItem","position":1,"name":"Home","item":"https:\/\/mayavista.com\/fr\/"},{"@type":"ListItem","position":2,"name":"T\u00e9moignages"}]},{"@type":"WebSite","@id":"https:\/\/mayavista.com\/fr\/#website","url":"https:\/\/mayavista.com\/fr\/","name":"Hotel Maya Vista","description":"Hotel and Restaurant in Tela, Honduras","publisher":{"@id":"https:\/\/mayavista.com\/fr\/#organization"},"potentialAction":[{"@type":"SearchAction","target":{"@type":"EntryPoint","urlTemplate":"https:\/\/mayavista.com\/fr\/?s={search_term_string}"},"query-input":{"@type":"PropertyValueSpecification","valueRequired":true,"valueName":"search_term_string"}}],"inLanguage":"fr-FR"},{"@type":"Organization","@id":"https:\/\/mayavista.com\/fr\/#organization","name":"Hotel Maya Vista","url":"https:\/\/mayavista.com\/fr\/","logo":{"@type":"ImageObject","inLanguage":"fr-FR","@id":"https:\/\/mayavista.com\/fr\/#\/schema\/logo\/image\/","url":"https:\/\/mayavista.com\/wp-content\/uploads\/2016\/11\/logo-mayavista.png","contentUrl":"https:\/\/mayavista.com\/wp-content\/uploads\/2016\/11\/logo-mayavista.png","width":340,"height":80,"caption":"Hotel Maya Vista"},"image":{"@id":"https:\/\/mayavista.com\/fr\/#\/schema\/logo\/image\/"},"sameAs":["https:\/\/www.facebook.com\/Maya-Vista-Hotel-Tela-Honduras-284974334864531"]}]}},"_links":{"self":[{"href":"https:\/\/mayavista.com\/fr\/wp-json\/wp\/v2\/pages\/1463","targetHints":{"allow":["GET"]}}],"collection":[{"href":"https:\/\/mayavista.com\/fr\/wp-json\/wp\/v2\/pages"}],"about":[{"href":"https:\/\/mayavista.com\/fr\/wp-json\/wp\/v2\/types\/page"}],"author":[{"embeddable":true,"href":"https:\/\/mayavista.com\/fr\/wp-json\/wp\/v2\/users\/3"}],"replies":[{"embeddable":true,"href":"https:\/\/mayavista.com\/fr\/wp-json\/wp\/v2\/comments?post=1463"}],"version-history":[{"count":5,"href":"https:\/\/mayavista.com\/fr\/wp-json\/wp\/v2\/pages\/1463\/revisions"}],"predecessor-version":[{"id":1468,"href":"https:\/\/mayavista.com\/fr\/wp-json\/wp\/v2\/pages\/1463\/revisions\/1468"}],"wp:attachment":[{"href":"https:\/\/mayavista.com\/fr\/wp-json\/wp\/v2\/media?parent=1463"}],"curies":[{"name":"wp","href":"https:\/\/api.w.org\/{rel}","templated":true}]}}